{"id":156,"date":"2019-10-14T12:05:14","date_gmt":"2019-10-14T18:05:14","guid":{"rendered":"https:\/\/patriotfamilydentalep.com\/?page_id=156"},"modified":"2025-04-03T16:40:50","modified_gmt":"2025-04-03T22:40:50","slug":"home","status":"publish","type":"page","link":"https:\/\/patriotfamilydentalep.com\/es\/","title":{"rendered":"Inicio"},"content":{"rendered":"\n<h1 class=\"wp-block-heading\">\u00a1Dentista en el noreste de El Paso!<\/h1>\n\n\n\n<div class=\"wp-block-coblocks-row coblocks-row-914133729378\" data-columns=\"2\" data-layout=\"66-33\"><div class=\"wp-block-coblocks-row__inner has-no-padding has-no-margin is-stacked-on-mobile has-medium-gutter\">\n<div class=\"wp-block-coblocks-column coblocks-column-914133732968\" style=\"width:66%\"><div class=\"wp-block-coblocks-column__inner has-no-padding has-no-margin\">\n<p>Patriot Family Dental est\u00e1 comprometido con la atenci\u00f3n dental personalizada en el \u00e1rea del noreste, Fort Bliss, El Paso, TX. \u00a1Ahora estamos oficialmente en la red con TRICARE!<\/p>\n\n\n\n<p>Nuestra misi\u00f3n como equipo es proporcionar la mejor atenci\u00f3n m\u00e9dica oral y servicio al cliente a trav\u00e9s de equipos de \u00faltima generaci\u00f3n y opciones financieras flexibles, manteniendo el bienestar dental de su familia como nuestra principal prioridad. En Patriot Family Dental, nuestros experimentados dentistas de El Paso, TX colaboran para brindarle atenci\u00f3n dental integral y excelentes resultados de odontolog\u00eda cosm\u00e9tica.<\/p>\n<\/div><\/div>\n\n\n\n<div class=\"wp-block-coblocks-column coblocks-column-914133732972\" style=\"width:33%\"><div class=\"wp-block-coblocks-column__inner has-no-padding has-no-margin\"><div class=\"wp-block-image\">\n<figure class=\"aligncenter size-large\"><img loading=\"lazy\" decoding=\"async\" width=\"1024\" height=\"768\" src=\"https:\/\/patriotfamilydentalep.com\/wp-content\/uploads\/2019\/10\/IMG-0872-1024x768.jpg\" alt=\"Highly trained dental team in El Paso, TX. We specialize in family, cosmetic, and preventative dentistry.\" class=\"wp-image-438\" srcset=\"https:\/\/patriotfamilydentalep.com\/wp-content\/uploads\/2019\/10\/IMG-0872-1024x768.jpg 1024w, https:\/\/patriotfamilydentalep.com\/wp-content\/uploads\/2019\/10\/IMG-0872-300x225.jpg 300w, https:\/\/patriotfamilydentalep.com\/wp-content\/uploads\/2019\/10\/IMG-0872-768x576.jpg 768w, https:\/\/patriotfamilydentalep.com\/wp-content\/uploads\/2019\/10\/IMG-0872-1600x1200.jpg 1600w\" sizes=\"auto, (max-width: 1024px) 100vw, 1024px\" \/><figcaption class=\"wp-element-caption\">Ubicado convenientemente fuera de la autopista Patriot en 10851 Gateway S Blvd # 300, El Paso, TX 79934<\/figcaption><\/figure>\n<\/div>\n\n\n<div class=\"wp-block-button aligncenter\"><a class=\"wp-block-button__link wp-element-button\" href=\"https:\/\/patriotfamilydentalep.com\/contact.html\">\u00a1Programe una cita!<\/a><\/div>\n<\/div><\/div>\n<\/div><\/div>\n\n\n\n<p>Le brindaremos a usted y a su familia de patriotas la mejor atenci\u00f3n en todas sus necesidades dentales. Estamos dedicados a la atenci\u00f3n dental de alta calidad y nos enorgullecemos de ser el consultorio dental m\u00e1s c\u00f3modo y relajante de la ciudad. Nos encanta brindar atenci\u00f3n dental a las personas de El Paso, TX y sus alrededores.<\/p>\n\n\n\n<div style=\"height:20px\" aria-hidden=\"true\" class=\"wp-block-spacer\"><\/div>\n\n\n\n<hr class=\"wp-block-separator has-css-opacity is-style-default\"\/>\n\n\n\n<div style=\"height:20px\" aria-hidden=\"true\" class=\"wp-block-spacer\"><\/div>\n\n\n\n<div style=\"height:27px\" aria-hidden=\"true\" class=\"wp-block-spacer\"><\/div>\n\n\n\n<div class=\"wp-block-columns has-3-columns is-services is-layout-flex wp-container-core-columns-is-layout-9d6595d7 wp-block-columns-is-layout-flex\">\n<div class=\"wp-block-column is-layout-flow wp-block-column-is-layout-flow\"><div class=\"wp-block-image\">\n<figure class=\"aligncenter\"><img loading=\"lazy\" decoding=\"async\" width=\"100\" height=\"100\" src=\"https:\/\/patriotfamilydentalep.com\/wp-content\/uploads\/2019\/10\/teeth-cleaning-icon_orig.gif\" alt=\"Exam &amp; Teeth Cleaning in El Paso, TX\" class=\"wp-image-342\"\/><\/figure>\n<\/div>\n\n\n<h3 class=\"has-text-align-center wp-block-heading\">Ex\u00e1menes y limpieza dental<\/h3>\n\n\n\n<p class=\"has-text-align-center\">\u00bfHa estado evitando sus ex\u00e1menes dentales regulares y la limpieza dental? No se preocupe, nuestro dentista y personal son amables, pacientes y est\u00e1n aqu\u00ed para brindarle la mejor atenci\u00f3n dental que El Paso tiene para ofrecer.<\/p>\n\n\n\n<div class=\"wp-block-button aligncenter\"><a class=\"wp-block-button__link wp-element-button\" href=\"https:\/\/www.patriotfamilydentalep.com\/dental-cleanings--deep-cleanings.html\">Limpieza dental<\/a><\/div>\n<\/div>\n\n\n\n<div class=\"wp-block-column is-layout-flow wp-block-column-is-layout-flow\"><div class=\"wp-block-image\">\n<figure class=\"aligncenter\"><img loading=\"lazy\" decoding=\"async\" width=\"100\" height=\"100\" src=\"https:\/\/patriotfamilydentalep.com\/wp-content\/uploads\/2019\/10\/dental-emergency-icon_orig.gif\" alt=\"Dental Emergency El Paso, TX\" class=\"wp-image-343\"\/><\/figure>\n<\/div>\n\n\n<h3 class=\"has-text-align-center wp-block-heading\">Emergencia Dental<\/h3>\n\n\n\n<p class=\"has-text-align-center\">\u00bfTiene una emergencia dental? Lo primero que hay que hacer es mantener la calma. Nuestros profesionales dentales pueden programar citas el mismo d\u00eda para su emergencia dental. Luego, haga clic a continuaci\u00f3n para obtener m\u00e1s informaci\u00f3n.<\/p>\n\n\n\n<div class=\"wp-block-button aligncenter\"><a class=\"wp-block-button__link wp-element-button\" href=\"https:\/\/www.patriotfamilydentalep.com\/same-day-emergency-dental-care.html\">Emergencia Dental<\/a><\/div>\n<\/div>\n\n\n\n<div class=\"wp-block-column is-layout-flow wp-block-column-is-layout-flow\"><div class=\"wp-block-image\">\n<figure class=\"aligncenter\"><img loading=\"lazy\" decoding=\"async\" width=\"100\" height=\"100\" src=\"https:\/\/patriotfamilydentalep.com\/wp-content\/uploads\/2019\/10\/cosmetic-dentistry-icon_orig.gif\" alt=\"Cosmetic Dentistry in El Paso, TX\" class=\"wp-image-344\"\/><\/figure>\n<\/div>\n\n\n<h3 class=\"has-text-align-center wp-block-heading\">Odontolog\u00eda Cosm\u00e9tica<\/h3>\n\n\n\n<p class=\"has-text-align-center\">Nuestros dentistas en Patriot Family Dental son profesionales experimentados en odontolog\u00eda cosm\u00e9tica y restaurativa. Est\u00e1n especialmente capacitados y equipados con lo \u00faltimo en equipos dentales de \u00faltima generaci\u00f3n.<\/p>\n\n\n\n<div class=\"wp-block-button aligncenter\"><a class=\"wp-block-button__link wp-element-button\" href=\"https:\/\/www.patriotfamilydentalep.com\/cosmetic-dentistry-in-el-paso-tx.html\">Dentista Cosm\u00e9tico<\/a><\/div>\n<\/div>\n<\/div>\n\n\n\n<div style=\"height:20px\" aria-hidden=\"true\" class=\"wp-block-spacer\"><\/div>\n\n\n\n<hr class=\"wp-block-separator has-css-opacity is-style-default\"\/>\n\n\n\n<div style=\"height:20px\" aria-hidden=\"true\" class=\"wp-block-spacer\"><\/div>\n\n\n\n<h2 class=\"wp-block-heading\">\u00a1Programa de Recomienda a un Amigo!<\/h2>\n\n\n\n<div class=\"wp-block-columns has-2-columns is-main-message is-layout-flex wp-container-core-columns-is-layout-9d6595d7 wp-block-columns-is-layout-flex\">\n<div class=\"wp-block-column is-layout-flow wp-block-column-is-layout-flow\">\n<p>Como una forma de agradecer por referir pacientes a nuestra pr\u00e1ctica, Patriot Family Dental le dar\u00e1 un certificado de regalo de $ 50 para el tratamiento. Por cada persona que nos refiera, le enviaremos por correo un certificado de regalo de $ 50 para que se use en un tratamiento dental. \u00a1Lo apreciamos como nuestro paciente y nos gustar\u00eda recompensarlo por referir a sus amigos y familiares a nuestro consultorio dental!<\/p>\n\n\n\n<div class=\"wp-block-button is-style-outline is-style-outline--1\"><a class=\"wp-block-button__link wp-element-button\" href=\"https:\/\/www.patriotfamilydentalep.com\/refer-a-friend.html\">\u00a1Recomiende a un amigo o familiar hoy!<\/a><\/div>\n<\/div>\n\n\n\n<div class=\"wp-block-column is-layout-flow wp-block-column-is-layout-flow\"><div class=\"wp-block-image\">\n<figure class=\"aligncenter\"><img loading=\"lazy\" decoding=\"async\" width=\"406\" height=\"271\" src=\"https:\/\/patriotfamilydentalep.com\/wp-content\/uploads\/2019\/10\/refer-a-friend-program-1.jpg\" alt=\"Refer a friend for a dentist El Paso, TX\" class=\"wp-image-345\" srcset=\"https:\/\/patriotfamilydentalep.com\/wp-content\/uploads\/2019\/10\/refer-a-friend-program-1.jpg 406w, https:\/\/patriotfamilydentalep.com\/wp-content\/uploads\/2019\/10\/refer-a-friend-program-1-300x200.jpg 300w\" sizes=\"auto, (max-width: 406px) 100vw, 406px\" \/><figcaption class=\"wp-element-caption\">Certificado de regalo de $ 50 para usar en tratamiento dental<\/figcaption><\/figure>\n<\/div>\n\n\n<p><\/p>\n<\/div>\n<\/div>\n\n\n\n<div style=\"height:32px\" aria-hidden=\"true\" class=\"wp-block-spacer\"><\/div>\n\n\n<div class=\"wp-block-image\">\n<figure class=\"aligncenter size-full is-resized\"><a href=\"https:\/\/apply.sunbit.com\/LetsGoDental-PatriotFamilyDental\" target=\"_blank\" rel=\"noopener\"><img loading=\"lazy\" decoding=\"async\" src=\"https:\/\/patriotfamilydentalep.com\/wp-content\/uploads\/2022\/05\/Dntl_Web_728x90-2.png\" alt=\"\" class=\"wp-image-1010\" width=\"1042\" height=\"129\" srcset=\"https:\/\/patriotfamilydentalep.com\/wp-content\/uploads\/2022\/05\/Dntl_Web_728x90-2.png 728w, https:\/\/patriotfamilydentalep.com\/wp-content\/uploads\/2022\/05\/Dntl_Web_728x90-2-300x37.png 300w\" sizes=\"auto, (max-width: 1042px) 100vw, 1042px\" \/><\/a><\/figure>\n<\/div>\n\n\n<p><\/p>\n\n\n<p><\/p>","protected":false},"excerpt":{"rendered":"<p>\u00a1Dentista en el noreste de El Paso! Le brindaremos a usted y a su familia de patriotas la mejor atenci\u00f3n&hellip;<\/p>\n","protected":false},"author":1,"featured_media":0,"parent":0,"menu_order":0,"comment_status":"closed","ping_status":"closed","template":"","meta":{"_coblocks_attr":"","_coblocks_dimensions":"{\"coblocks-hero-914141435561\":{\"padding\":{}}}","_coblocks_responsive_height":"","_coblocks_accordion_ie_support":"","footnotes":""},"class_list":["post-156","page","type-page","status-publish","hentry"],"translation":{"provider":"WPGlobus","version":"3.0.2","language":"es","enabled_languages":["en","es"],"languages":{"en":{"title":true,"content":true,"excerpt":false},"es":{"title":true,"content":true,"excerpt":false}}},"aioseo_notices":[],"_links":{"self":[{"href":"https:\/\/patriotfamilydentalep.com\/es\/wp-json\/wp\/v2\/pages\/156","targetHints":{"allow":["GET"]}}],"collection":[{"href":"https:\/\/patriotfamilydentalep.com\/es\/wp-json\/wp\/v2\/pages"}],"about":[{"href":"https:\/\/patriotfamilydentalep.com\/es\/wp-json\/wp\/v2\/types\/page"}],"author":[{"embeddable":true,"href":"https:\/\/patriotfamilydentalep.com\/es\/wp-json\/wp\/v2\/users\/1"}],"replies":[{"embeddable":true,"href":"https:\/\/patriotfamilydentalep.com\/es\/wp-json\/wp\/v2\/comments?post=156"}],"version-history":[{"count":54,"href":"https:\/\/patriotfamilydentalep.com\/es\/wp-json\/wp\/v2\/pages\/156\/revisions"}],"predecessor-version":[{"id":1595,"href":"https:\/\/patriotfamilydentalep.com\/es\/wp-json\/wp\/v2\/pages\/156\/revisions\/1595"}],"wp:attachment":[{"href":"https:\/\/patriotfamilydentalep.com\/es\/wp-json\/wp\/v2\/media?parent=156"}],"curies":[{"name":"wp","href":"https:\/\/api.w.org\/{rel}","templated":true}]}}