{"id":158,"date":"2019-10-14T12:05:14","date_gmt":"2019-10-14T18:05:14","guid":{"rendered":"https:\/\/patriotfamilydentalep.com\/?page_id=158"},"modified":"2024-03-04T21:10:47","modified_gmt":"2024-03-05T04:10:47","slug":"services","status":"publish","type":"page","link":"https:\/\/patriotfamilydentalep.com\/es\/services.html","title":{"rendered":"Servicios Dentales"},"content":{"rendered":"\n<h1 class=\"has-text-align-center wp-block-heading\">Servicios Dentales<\/h1>\n\n\n\n<hr class=\"wp-block-separator has-css-opacity\"\/>\n\n\n\n<p class=\"has-text-align-center\">Su buena salud y comodidad son nuestra primera prioridad.<br>Nuestro personal experimentado utiliza lo \u00faltimo en tecnolog\u00eda y t\u00e9cnicas comprobadas para brindarle la mejor experiencia dental posible en nuestro consultorio dental de El Paso, TX. A continuaci\u00f3n se presentan algunos de los servicios que brindamos al \u00e1rea noreste \/ Fort Bliss. Por favor, llame para precios o una explicaci\u00f3n m\u00e1s detallada de un procedimiento dental en particular.<\/p>\n\n\n\n<h2 class=\"has-text-align-center wp-block-heading\"><strong>\u200b<a class=\"rank-math-link\" href=\"tel:9152137020\">(915) 213-7020<\/a><\/strong><\/h2>\n\n\n\n<div style=\"height:20px\" aria-hidden=\"true\" class=\"wp-block-spacer\"><\/div>\n\n\n\n<div class=\"wp-block-coblocks-row coblocks-row-914143439185\" data-columns=\"3\" data-layout=\"33-33-33\"><div class=\"wp-block-coblocks-row__inner has-no-padding has-no-margin is-stacked-on-mobile has-medium-gutter\">\n<div class=\"wp-block-coblocks-column coblocks-column-914143442119\" style=\"width:33.33%\"><div class=\"wp-block-coblocks-column__inner has-no-padding has-no-margin\"><div class=\"wp-block-image\">\n<figure class=\"aligncenter\"><img loading=\"lazy\" decoding=\"async\" width=\"222\" height=\"166\" src=\"https:\/\/patriotfamilydentalep.com\/wp-content\/uploads\/2019\/10\/dental-tools-1.jpg\" alt=\"Teeth Cleanings &amp; Teeth Cleanings in El Paso, TX\" class=\"wp-image-360\"\/><\/figure>\n<\/div>\n\n\n<h3 class=\"wp-block-heading\">Limpiezas y limpiezas profundas<\/h3>\n\n\n\n<p>Una limpieza dental regular se centra en las superficies y entre los dientes, todo por encima de la l\u00ednea de las enc\u00edas. Despu\u00e9s, sus dientes ser\u00e1n usados con hilo dental y pulidos hasta que est\u00e9n limpios. Es posible que se necesite una limpieza profunda o raspado y alisado radicular para eliminar las bacterias, el c\u00e1lculo (sarro) y los desechos que se han acumulado debajo de la l\u00ednea de las enc\u00edas.<\/p>\n\n\n\n<div class=\"wp-block-button\"><a class=\"wp-block-button__link wp-element-button\" href=\"https:\/\/patriotfamilydentalep.com\/dental-cleanings--deep-cleanings.html\">Limpieza dental<\/a><\/div>\n<\/div><\/div>\n\n\n\n<div class=\"wp-block-coblocks-column coblocks-column-914143442124\" style=\"width:33.33%\"><div class=\"wp-block-coblocks-column__inner has-no-padding has-no-margin\"><div class=\"wp-block-image\">\n<figure class=\"aligncenter\"><img loading=\"lazy\" decoding=\"async\" width=\"249\" height=\"171\" src=\"https:\/\/patriotfamilydentalep.com\/wp-content\/uploads\/2019\/10\/teeth-whitening-el-paso-tx.jpg\" alt=\"Teeth Whitening in El Paso, TX\" class=\"wp-image-361\"\/><\/figure>\n<\/div>\n\n\n<h3 class=\"wp-block-heading\">Blanqueamiento dental<\/h3>\n\n\n\n<p>Esta forma r\u00e1pida y efectiva de iluminar su sonrisa se realiza mediante la eliminaci\u00f3n de manchas superficiales causadas por cosas como el caf\u00e9, el tabaco o el envejecimiento. Este proceso generalmente se realiza blanqueando la superficie del diente. El blanqueamiento puede aclarar sus dientes de 2 a 8 tonos m\u00e1s blancos y se puede hacer con una sola visita a nuestra oficina.<\/p>\n\n\n\n<div class=\"wp-block-button\"><a class=\"wp-block-button__link wp-element-button\" href=\"https:\/\/patriotfamilydentalep.com\/teeth-whitening-el-paso.html\">Blanqueamiento dental<\/a><\/div>\n\n\n\n<p><\/p>\n<\/div><\/div>\n\n\n\n<div class=\"wp-block-coblocks-column coblocks-column-914143442127\" style=\"width:33.33%\"><div class=\"wp-block-coblocks-column__inner has-no-padding has-no-margin\"><div class=\"wp-block-image\">\n<figure class=\"aligncenter\"><img loading=\"lazy\" decoding=\"async\" width=\"228\" height=\"177\" src=\"https:\/\/patriotfamilydentalep.com\/wp-content\/uploads\/2019\/10\/emergency-dental-care.jpg\" alt=\"Dental Emergency in El Paso, TX\" class=\"wp-image-362\"\/><\/figure>\n<\/div>\n\n\n<h3 class=\"wp-block-heading\">Emergencia Dental<\/h3>\n\n\n\n<p>Cuando la vida nos da una emergencia, ya sea un dolor de dientes repentino que lo vuelve loco o un diente roto, las emergencias dentales no deber\u00edan agregar tanto estr\u00e9s adicional a su d\u00eda. Trabajamos duro para que nos vea lo antes posible, no lo haremos esperar y lo trataremos con un cuidado extra gentil y amoroso.<\/p>\n\n\n\n<div class=\"wp-block-button\"><a class=\"wp-block-button__link wp-element-button\" href=\"https:\/\/patriotfamilydentalep.com\/same-day-emergency-dental-care.html\">Emergencia Dental<\/a><\/div>\n<\/div><\/div>\n<\/div><\/div>\n\n\n\n<div style=\"height:20px\" aria-hidden=\"true\" class=\"wp-block-spacer\"><\/div>\n\n\n\n<div class=\"wp-block-coblocks-row coblocks-row-914143439185\" data-columns=\"3\" data-layout=\"33-33-33\"><div class=\"wp-block-coblocks-row__inner has-no-padding has-no-margin is-stacked-on-mobile has-medium-gutter\">\n<div class=\"wp-block-coblocks-column coblocks-column-914143442119\" style=\"width:33.33%\"><div class=\"wp-block-coblocks-column__inner has-no-padding has-no-margin\"><div class=\"wp-block-image\">\n<figure class=\"aligncenter\"><img loading=\"lazy\" decoding=\"async\" width=\"273\" height=\"182\" src=\"https:\/\/patriotfamilydentalep.com\/wp-content\/uploads\/2019\/10\/tooth-extraction.jpg\" alt=\"Tooth Extractions in El Paso, Tx\" class=\"wp-image-363\"\/><\/figure>\n<\/div>\n\n\n<h3 class=\"wp-block-heading\">Extracciones y muelas del juicio<\/h3>\n\n\n\n<p>En el caso de un diente gravemente da\u00f1ado o muelas del juicio que est\u00e1n impactadas, tienen caries o enfermedad de las enc\u00edas, puede ser necesaria una extracci\u00f3n. El diente o dientes da\u00f1ados podr\u00edan eventualmente da\u00f1ar los dientes circundantes o causar dolor extremo si no se tratan. Por lo general, se utiliza un anest\u00e9sico local.<\/p>\n\n\n\n<div class=\"wp-block-button\"><a class=\"wp-block-button__link wp-element-button\" href=\"https:\/\/patriotfamilydentalep.com\/dental-extractions.html\">Extracciones dentales<\/a><\/div>\n<\/div><\/div>\n\n\n\n<div class=\"wp-block-coblocks-column coblocks-column-914143442124\" style=\"width:33.33%\"><div class=\"wp-block-coblocks-column__inner has-no-padding has-no-margin\"><div class=\"wp-block-image\">\n<figure class=\"aligncenter\"><img loading=\"lazy\" decoding=\"async\" width=\"270\" height=\"183\" src=\"https:\/\/patriotfamilydentalep.com\/wp-content\/uploads\/2019\/10\/dental-implant-el-paso.jpg\" alt=\"Dental Implants in El Paso, TX\" class=\"wp-image-364\"\/><\/figure>\n<\/div>\n\n\n<h3 class=\"wp-block-heading\">Implantes dentales<\/h3>\n\n\n\n<p>Un implante dental es una ra\u00edz dental artificial que se ancla quir\u00fargicamente en la mand\u00edbula para asegurar un diente o puente de reemplazo.<\/p>\n\n\n\n<p>Los implantes dentales no dependen de los dientes vecinos para el soporte, por lo que son permanentes y estables. Los implantes dentales tienen una tasa de \u00e9xito del 97% y son la soluci\u00f3n m\u00e1s resistente para reemplazar un diente da\u00f1ado o noqueado. Obtenga m\u00e1s informaci\u00f3n al respecto haciendo clic en el siguiente enlace.<\/p>\n\n\n\n<div class=\"wp-block-button\"><a class=\"wp-block-button__link wp-element-button\" href=\"https:\/\/patriotfamilydentalep.com\/dental-implants-el-paso-tx.html\">Implantes dentales<\/a><\/div>\n<\/div><\/div>\n\n\n\n<div class=\"wp-block-coblocks-column coblocks-column-914143442127\" style=\"width:33.33%\"><div class=\"wp-block-coblocks-column__inner has-no-padding has-no-margin\"><div class=\"wp-block-image\">\n<figure class=\"aligncenter\"><img loading=\"lazy\" decoding=\"async\" width=\"222\" height=\"185\" src=\"https:\/\/patriotfamilydentalep.com\/wp-content\/uploads\/2019\/10\/denture_el-paso.jpg\" alt=\"Dentures in El paso, TX\" class=\"wp-image-365\"\/><\/figure>\n<\/div>\n\n\n<h3 class=\"wp-block-heading\">Dentaduras postizas<\/h3>\n\n\n\n<p>Las dentaduras postizas son un conjunto de dientes artificiales que se construyen para reemplazar los dientes perdidos. Est\u00e1n soportados por los tejidos blandos y duros circundantes de la boca. Las dentaduras postizas convencionales son removibles, pero algunos dise\u00f1os se basan en la uni\u00f3n o el agarre de los dientes o implantes existentes.<\/p>\n\n\n\n<div class=\"wp-block-button\"><a class=\"wp-block-button__link wp-element-button\" href=\"https:\/\/patriotfamilydentalep.com\/dentures-el-paso.html\">Dentaduras postizas<\/a><\/div>\n<\/div><\/div>\n<\/div><\/div>\n\n\n\n<div style=\"height:20px\" aria-hidden=\"true\" class=\"wp-block-spacer\"><\/div>\n\n\n\n<div class=\"wp-block-coblocks-row coblocks-row-914143439185\" data-columns=\"3\" data-layout=\"33-33-33\"><div class=\"wp-block-coblocks-row__inner has-no-padding has-no-margin is-stacked-on-mobile has-medium-gutter\">\n<div class=\"wp-block-coblocks-column coblocks-column-914143442119\" style=\"width:33.33%\"><div class=\"wp-block-coblocks-column__inner has-no-padding has-no-margin\"><div class=\"wp-block-image\">\n<figure class=\"aligncenter\"><img loading=\"lazy\" decoding=\"async\" width=\"316\" height=\"167\" src=\"https:\/\/patriotfamilydentalep.com\/wp-content\/uploads\/2019\/10\/tooth-filling-el-paso.jpg\" alt=\"Tooth Fillings in El Paso, TX\" class=\"wp-image-366\" srcset=\"https:\/\/patriotfamilydentalep.com\/wp-content\/uploads\/2019\/10\/tooth-filling-el-paso.jpg 316w, https:\/\/patriotfamilydentalep.com\/wp-content\/uploads\/2019\/10\/tooth-filling-el-paso-300x159.jpg 300w\" sizes=\"auto, (max-width: 316px) 100vw, 316px\" \/><\/figure>\n<\/div>\n\n\n<h3 class=\"wp-block-heading\">Rellenos<\/h3>\n\n\n\n<p>Las resinas compuestas y los empastes del color del diente proporcionan una buena durabilidad y son m\u00e1s dif\u00edciles de fracturar. Los rellenos deben soportar una presi\u00f3n moderada por el estr\u00e9s constante de masticar. Estos materiales compuestos se pueden usar en sus dientes frontales o posteriores y son una buena opci\u00f3n para las personas que prefieren un aspecto m\u00e1s natural.<\/p>\n<\/div><\/div>\n\n\n\n<div class=\"wp-block-coblocks-column coblocks-column-914143442124\" style=\"width:33.33%\"><div class=\"wp-block-coblocks-column__inner has-no-padding has-no-margin\"><div class=\"wp-block-image\">\n<figure class=\"aligncenter\"><img loading=\"lazy\" decoding=\"async\" width=\"225\" height=\"169\" src=\"https:\/\/patriotfamilydentalep.com\/wp-content\/uploads\/2019\/10\/dental-crowns-el-paso.jpg\" alt=\"Dental Crowns &amp; Bridges in El Paso, TX\" class=\"wp-image-367\"\/><\/figure>\n<\/div>\n\n\n<h3 class=\"wp-block-heading\">Coronas dentales<\/h3>\n\n\n\n<p>Una corona dental es un reemplazo de material compuesto del diente por encima de la l\u00ednea de las enc\u00edas. El prop\u00f3sito de una corona dental es cubrir el diente da\u00f1ado y restaurar su forma, tama\u00f1o, fuerza y mejorar su apariencia. Cuando se cementa firmemente en su lugar, la corona restaura el aspecto y la funci\u00f3n de su diente natural.<\/p>\n\n\n\n<div class=\"wp-block-buttons is-layout-flex wp-block-buttons-is-layout-flex\">\n<div class=\"wp-block-button\"><a class=\"wp-block-button__link wp-element-button\" href=\"https:\/\/patriotfamilydentalep.com\/benefits-of-dental-crowns-bridges-el-paso-tx\/\">Coronas dentales<\/a><\/div>\n<\/div>\n<\/div><\/div>\n\n\n\n<div class=\"wp-block-coblocks-column coblocks-column-914143442127\" style=\"width:33.33%\"><div class=\"wp-block-coblocks-column__inner has-no-padding has-no-margin\"><div class=\"wp-block-image\">\n<figure class=\"aligncenter\"><img loading=\"lazy\" decoding=\"async\" width=\"295\" height=\"166\" src=\"https:\/\/patriotfamilydentalep.com\/wp-content\/uploads\/2019\/10\/invisalign-tray-1.jpg\" alt=\"Invisalign in El Paso, TX\" class=\"wp-image-368\"\/><\/figure>\n<\/div>\n\n\n<h3 class=\"wp-block-heading\">Invisalign<\/h3>\n\n\n\n<p>Estos alineadores transparentes y pr\u00e1cticamente invisibles, que est\u00e1n hechos de un material termopl\u00e1stico, est\u00e1n desarrollados exclusivamente para el plan de tratamiento Invisalign. Los alineadores se parecen a las bandejas para blanquear los dientes. Una serie de alineadores Invisalign ser\u00e1n hechos a medida para usted, para mover sus dientes en la secuencia determinada por su dentista en el transcurso de unos meses.<\/p>\n\n\n\n<div class=\"wp-block-button\"><a class=\"wp-block-button__link wp-element-button\" href=\"https:\/\/patriotfamilydentalep.com\/invisalign-el-paso.html\">Invisalign El Paso<\/a><\/div>\n<\/div><\/div>\n<\/div><\/div>\n\n\n\n<div style=\"height:20px\" aria-hidden=\"true\" class=\"wp-block-spacer\"><\/div>\n\n\n\n<div class=\"wp-block-coblocks-row coblocks-row-914143439185\" data-columns=\"3\" data-layout=\"33-33-33\"><div class=\"wp-block-coblocks-row__inner has-no-padding has-no-margin is-stacked-on-mobile has-medium-gutter\">\n<div class=\"wp-block-coblocks-column coblocks-column-914143442119\" style=\"width:33.33%\"><div class=\"wp-block-coblocks-column__inner has-no-padding has-no-margin\">\n\n\n<h2 class=\"wp-block-heading\"><\/h2>\n\n\n\n<p><\/p>\n<\/div><\/div>\n\n\n\n<div class=\"wp-block-coblocks-column coblocks-column-914143442124\" style=\"width:33.33%\"><div class=\"wp-block-coblocks-column__inner has-no-padding has-no-margin\"><div class=\"wp-block-image\">\n<figure class=\"aligncenter\"><img loading=\"lazy\" decoding=\"async\" width=\"284\" height=\"173\" src=\"https:\/\/patriotfamilydentalep.com\/wp-content\/uploads\/2019\/10\/cosmetic-dentistry-el-paso-dyer-dental-1_orig.jpg\" alt=\"Cosmetic Dentist in El Paso, TX\" class=\"wp-image-369\"\/><\/figure>\n<\/div>\n\n\n<h3 class=\"wp-block-heading\">Odontolog\u00eda Cosm\u00e9tica<\/h3>\n\n\n\n<p>Tener una gran sonrisa es esencial para la autoestima y la confianza. Una gran sonrisa es tambi\u00e9n la mejor manera de causar una buena primera impresi\u00f3n. Es por eso que Patriot Family Dental ofrece varios tratamientos y procedimientos de odontolog\u00eda cosm\u00e9tica a nuestros pacientes en el \u00e1rea metropolitana de El Paso, TX.<\/p>\n\n\n\n<div class=\"wp-block-button\"><a class=\"wp-block-button__link wp-element-button\" href=\"https:\/\/patriotfamilydentalep.com\/cosmetic-dentistry-in-el-paso-tx.html\">Dentista Cosm\u00e9tico<\/a><\/div>\n<\/div><\/div>\n\n\n\n<div class=\"wp-block-coblocks-column coblocks-column-914143442127\" style=\"width:33.33%\"><div class=\"wp-block-coblocks-column__inner has-no-padding has-no-margin\">\n\n\n<h2 class=\"wp-block-heading\"><\/h2>\n\n\n\n<p><\/p>\n<\/div><\/div>\n<\/div><\/div>\n\n\n\n<div style=\"height:43px\" aria-hidden=\"true\" class=\"wp-block-spacer\"><\/div>\n\n\n\n<p><\/p>\n","protected":false},"excerpt":{"rendered":"<p>Servicios Dentales Su buena salud y comodidad son nuestra primera prioridad.Nuestro personal experimentado utiliza lo \u00faltimo en tecnolog\u00eda y t\u00e9cnicas&hellip;<\/p>\n","protected":false},"author":1,"featured_media":540,"parent":0,"menu_order":0,"comment_status":"closed","ping_status":"closed","template":"","meta":{"_coblocks_attr":"","_coblocks_dimensions":"","_coblocks_responsive_height":"","_coblocks_accordion_ie_support":"","footnotes":""},"class_list":["post-158","page","type-page","status-publish","has-post-thumbnail","hentry"],"translation":{"provider":"WPGlobus","version":"3.0.2","language":"es","enabled_languages":["en","es"],"languages":{"en":{"title":true,"content":true,"excerpt":false},"es":{"title":true,"content":true,"excerpt":false}}},"aioseo_notices":[],"_links":{"self":[{"href":"https:\/\/patriotfamilydentalep.com\/es\/wp-json\/wp\/v2\/pages\/158","targetHints":{"allow":["GET"]}}],"collection":[{"href":"https:\/\/patriotfamilydentalep.com\/es\/wp-json\/wp\/v2\/pages"}],"about":[{"href":"https:\/\/patriotfamilydentalep.com\/es\/wp-json\/wp\/v2\/types\/page"}],"author":[{"embeddable":true,"href":"https:\/\/patriotfamilydentalep.com\/es\/wp-json\/wp\/v2\/users\/1"}],"replies":[{"embeddable":true,"href":"https:\/\/patriotfamilydentalep.com\/es\/wp-json\/wp\/v2\/comments?post=158"}],"version-history":[{"count":16,"href":"https:\/\/patriotfamilydentalep.com\/es\/wp-json\/wp\/v2\/pages\/158\/revisions"}],"predecessor-version":[{"id":1343,"href":"https:\/\/patriotfamilydentalep.com\/es\/wp-json\/wp\/v2\/pages\/158\/revisions\/1343"}],"wp:featuredmedia":[{"embeddable":true,"href":"https:\/\/patriotfamilydentalep.com\/es\/wp-json\/wp\/v2\/media\/540"}],"wp:attachment":[{"href":"https:\/\/patriotfamilydentalep.com\/es\/wp-json\/wp\/v2\/media?parent=158"}],"curies":[{"name":"wp","href":"https:\/\/api.w.org\/{rel}","templated":true}]}}