{"id":377,"date":"2019-10-17T12:00:41","date_gmt":"2019-10-17T18:00:41","guid":{"rendered":"https:\/\/patriotfamilydentalep.com\/?page_id=377"},"modified":"2026-04-29T15:28:20","modified_gmt":"2026-04-29T21:28:20","slug":"dental-cleanings-deep-cleanings","status":"publish","type":"page","link":"https:\/\/patriotfamilydentalep.com\/es\/dental-cleanings-deep-cleanings.html","title":{"rendered":"Limpiezas dentales y limpiezas profundas"},"content":{"rendered":"\n<h2 class=\"wp-block-heading\">Limpiezas dentales y limpiezas profundas<\/h2>\n\n\n\n<p class=\"has-large-font-size\">\u00a1Llame hoy! <strong><a href=\"tel:9152137020\">(915) 213-7020<\/a><\/strong><\/p>\n\n\n\n<p>Cuando visite Patriot Family Dental para un chequeo dental y limpieza dental, realizaremos un examen dental completo y una limpieza exhaustiva de sus dientes. Nuestro higienista dental y nuestro m\u00e9dico revisar\u00e1n todos sus dientes y buscar\u00e1n cualquier problema o cambio que deba abordarse. Tambi\u00e9n buscaremos cualquier signo de enfermedad de las enc\u00edas, c\u00e1ncer oral o cualquier otra \u00e1rea visible de preocupaci\u00f3n.<\/p>\n\n\n<div class=\"wp-block-image\">\n<figure class=\"aligncenter\"><img loading=\"lazy\" decoding=\"async\" width=\"1000\" height=\"504\" src=\"https:\/\/patriotfamilydentalep.com\/wp-content\/uploads\/2019\/10\/gum-disease.jpg\" alt=\"Teeth Cleaning in El Paso, TX\" class=\"wp-image-381\" srcset=\"https:\/\/patriotfamilydentalep.com\/wp-content\/uploads\/2019\/10\/gum-disease.jpg 1000w, https:\/\/patriotfamilydentalep.com\/wp-content\/uploads\/2019\/10\/gum-disease-300x151.jpg 300w, https:\/\/patriotfamilydentalep.com\/wp-content\/uploads\/2019\/10\/gum-disease-768x387.jpg 768w\" sizes=\"auto, (max-width: 1000px) 100vw, 1000px\" \/><\/figure>\n<\/div>\n\n\n<p>Usted quiere cuidar lo mejor posible de sus dientes, y en Patriot Family Dental, queremos que ese objetivo sea alcanzable. Adem\u00e1s del cepillado diario y el uso de hilo dental, las limpiezas dentales regulares son el aspecto m\u00e1s importante de su salud oral. En su cita de limpieza dental, nuestro equipo examinar\u00e1 cuidadosamente sus dientes y ayudar\u00e1 a fortalecer sus defensas orales contra la caries y la enfermedad de las enc\u00edas. Te educaremos sobre las mejores maneras de cuidar tu hermosa sonrisa.<\/p>\n\n\n\n<p>Los problemas dentales que no se tratan r\u00e1pida y adecuadamente conducir\u00e1n a limitaciones financieras, especialmente si necesita que se realice mucho trabajo en los dientes.<\/p>\n\n\n\n<p><strong>Limpieza profunda<\/strong><br>La limpieza profunda de los dientes trata las enfermedades periodontales y previene da\u00f1os mayores. Llega por debajo de las enc\u00edas para eliminar la enfermedad entre los dientes y las enc\u00edas. La limpieza profunda es apropiada para tratar la enfermedad periodontal y de las enc\u00edas.<\/p>\n\n\n\n<p><strong>Raspado y alisado radicular<\/strong><br>El raspado profundo limpia la placa y el sarro del diente y las bolsas profundas debajo de la l\u00ednea de las enc\u00edas. Adem\u00e1s, utilizaremos tecnolog\u00eda ultras\u00f3nica en combinaci\u00f3n con un enjuague antibacteriano para tratar las bolsas profundas.<\/p>\n\n\n\n<div class=\"wp-block-coblocks-row coblocks-row-917115422631\" data-columns=\"2\" data-layout=\"66-33\"><div class=\"wp-block-coblocks-row__inner has-no-padding has-no-margin is-stacked-on-mobile has-medium-gutter\">\n<div class=\"wp-block-coblocks-column coblocks-column-91711542548\" style=\"width:66%\"><div class=\"wp-block-coblocks-column__inner has-no-padding has-no-margin\">\n<p>Si cree que puede tener enfermedad periodontal o de las enc\u00edas, ahora es el momento de llamar a nuestra oficina. Nuestro amable personal est\u00e1 listo para echar un vistazo a sus enc\u00edas y proporcionarle el tratamiento necesario para garantizar que sus dientes y enc\u00edas est\u00e9n sanos.<\/p>\n<\/div><\/div>\n\n\n\n<div class=\"wp-block-coblocks-column coblocks-column-91711542552\" style=\"width:33%\"><div class=\"wp-block-coblocks-column__inner has-no-padding has-no-margin\"><div class=\"wp-block-image\">\n<figure class=\"aligncenter\"><img loading=\"lazy\" decoding=\"async\" width=\"304\" height=\"228\" src=\"https:\/\/patriotfamilydentalep.com\/wp-content\/uploads\/2019\/10\/scaling-and-root-planing-1.jpg\" alt=\"Teeth Cleaning Scaling &amp; Root Planing\" class=\"wp-image-378\" srcset=\"https:\/\/patriotfamilydentalep.com\/wp-content\/uploads\/2019\/10\/scaling-and-root-planing-1.jpg 304w, https:\/\/patriotfamilydentalep.com\/wp-content\/uploads\/2019\/10\/scaling-and-root-planing-1-300x225.jpg 300w\" sizes=\"auto, (max-width: 304px) 100vw, 304px\" \/><figcaption class=\"wp-element-caption\">Escalado y alisado radicular &#8211; El Paso, TX<\/figcaption><\/figure>\n<\/div><\/div><\/div>\n<\/div><\/div>\n\n\n\n<h2 class=\"wp-block-heading\">Programe una limpieza dental<\/h2>\n\n\n\n<p>Si necesita una limpieza profunda, comun\u00edquese con Patriot Family Dental en El Paso, TX hoy para programar su cita con nosotros. \u00a1Llame hoy al (915) 213-7020 para obtener una limpieza dental!<\/p>\n\n\n\n\n\n<h2 class=\"wp-block-heading\">\u00bfCu\u00e1les son los beneficios de los ex\u00e1menes dentales regulares?<\/h2>\n\n\n\n<figure class=\"wp-block-image size-large\"><img loading=\"lazy\" decoding=\"async\" width=\"1024\" height=\"285\" src=\"https:\/\/patriotfamilydentalep.com\/wp-content\/uploads\/2020\/08\/dental-exams-el-paso-tx-1024x285.jpg\" alt=\"Teeth Cleanings El PasoDental appointments shouldn\u2019t be made when you have a problem that needs to be addressed. \" class=\"wp-image-724\" srcset=\"https:\/\/patriotfamilydentalep.com\/wp-content\/uploads\/2020\/08\/dental-exams-el-paso-tx-1024x285.jpg 1024w, https:\/\/patriotfamilydentalep.com\/wp-content\/uploads\/2020\/08\/dental-exams-el-paso-tx-300x84.jpg 300w, https:\/\/patriotfamilydentalep.com\/wp-content\/uploads\/2020\/08\/dental-exams-el-paso-tx-768x214.jpg 768w, https:\/\/patriotfamilydentalep.com\/wp-content\/uploads\/2020\/08\/dental-exams-el-paso-tx-1536x428.jpg 1536w, https:\/\/patriotfamilydentalep.com\/wp-content\/uploads\/2020\/08\/dental-exams-el-paso-tx-1600x446.jpg 1600w, https:\/\/patriotfamilydentalep.com\/wp-content\/uploads\/2020\/08\/dental-exams-el-paso-tx.jpg 1920w\" sizes=\"auto, (max-width: 1024px) 100vw, 1024px\" \/><figcaption class=\"wp-element-caption\">Las citas dentales no deben hacerse cuando tiene un problema que debe abordarse.<\/figcaption><\/figure>\n\n\n\n<p>Mantener sus dientes y enc\u00edas saludables implica m\u00e1s que cepillarse y usar hilo dental a diario. Los chequeos dentales regulares y la limpieza dental profesional juegan un papel importante en la salud oral y tambi\u00e9n en su salud en general.<\/p>\n\n\n\n<h6 class=\"wp-block-heading\">Lea m\u00e1s sobre los ex\u00e1menes dentales:<\/h6>\n\n\n\n<figure class=\"wp-block-embed is-type-wp-embed is-provider-patriot-family-dental-northeast-dentist-el-paso-tx wp-block-embed-patriot-family-dental-northeast-dentist-el-paso-tx\"><div class=\"wp-block-embed__wrapper\">\n<blockquote class=\"wp-embedded-content\" data-secret=\"69Nx4dHP3b\"><a href=\"https:\/\/patriotfamilydentalep.com\/4-common-questions-about-dental-exams-x-rays-teeth-cleaning\/\">4 Common Questions About Dental Exams, X-rays, &#038; Teeth Cleaning<\/a><\/blockquote><iframe loading=\"lazy\" class=\"wp-embedded-content\" sandbox=\"allow-scripts\" security=\"restricted\" style=\"position: absolute; clip: rect(1px, 1px, 1px, 1px);\" title=\"&#8220;4 Common Questions About Dental Exams, X-rays, &#038; Teeth Cleaning&#8221; &#8212; Patriot Family Dental - Northeast Dentist El Paso, TX\" src=\"https:\/\/patriotfamilydentalep.com\/4-common-questions-about-dental-exams-x-rays-teeth-cleaning\/embed\/#?secret=rqf2fz9KsO#?secret=69Nx4dHP3b\" data-secret=\"69Nx4dHP3b\" width=\"600\" height=\"338\" frameborder=\"0\" marginwidth=\"0\" marginheight=\"0\" scrolling=\"no\"><\/iframe>\n<\/div><\/figure>\n\n\n\n<h2 class=\"wp-block-heading\">Detecci\u00f3n temprana de anomal\u00edas y enfermedades<\/h2>\n\n\n\n<p>Su dentista puede detectar problemas que usted puede desconocer. Muchos problemas dentales, como la enfermedad de las enc\u00edas, las caries y el c\u00e1ncer oral, no causar\u00e1n dolor ni se har\u00e1n visibles hasta que est\u00e9n en etapas avanzadas.<\/p>\n\n\n\n<p>Los estudios han demostrado que m\u00e1s del 90 por ciento de todas las enfermedades sist\u00e9micas tienen manifestaciones orales, incluyendo enc\u00edas inflamadas, \u00falceras en la boca, boca seca o problemas excesivos de las enc\u00edas. Algunas de estas enfermedades incluyen:<\/p>\n\n\n\n<ul class=\"wp-block-list\">\n<li>Diabetes<\/li>\n\n\n\n<li>Leukemia<\/li>\n\n\n\n<li>Oral cancer<\/li>\n\n\n\n<li>Pancreatic cancer<\/li>\n\n\n\n<li>Heart disease<\/li>\n\n\n\n<li>Kidney disease<\/li>\n<\/ul>\n\n\n\n<p>Nuestro dentista puede decirle si est\u00e1 mostrando signos tempranos de cualquiera de estos. Ver a un dentista regularmente ayuda a mantener su boca sana y le permite a su dentista verificar si hay desarrollos que puedan apuntar a otros problemas de salud. Un examen dental tambi\u00e9n puede detectar mala nutrici\u00f3n e higiene, alineaci\u00f3n inadecuada de la mand\u00edbula y signos de desarrollar problemas de salud oral y general.<\/p>\n\n\n\n<h2 class=\"wp-block-heading\">El cuidado dental preventivo puede ahorrarle dinero<\/h2>\n\n\n\n<p>Las citas dentales no deben hacerse cuando tiene un problema que debe abordarse. La prevenci\u00f3n siempre es mejor que necesitar una cura y posiblemente pagar una fortuna en gastos dentales.<\/p>\n\n\n\n<p>Estos ex\u00e1menes dentales asegurar\u00e1n que los problemas dentales se encuentren y traten temprano, para que no se conviertan en problemas importantes con los que lidiar en el futuro. Los ex\u00e1menes dentales tambi\u00e9n mantienen sus dientes y enc\u00edas lo m\u00e1s limpios posible, lo que reduce el riesgo de tener caries u otros problemas en primer lugar.<\/p>\n\n\n\n<h2 class=\"wp-block-heading\">\u00a1Programe un examen dental hoy!<\/h2>\n\n\n\n<p>Ll\u00e1menos hoy al (915) 213-7020, o env\u00edenos un mensaje a trav\u00e9s de nuestra p\u00e1gina Cont\u00e1ctenos. Nuestro personal es atento y paciente y est\u00e1 listo para responder cualquier pregunta que tenga sobre ex\u00e1menes dentales, seguros y opciones de financiamiento que est\u00e9n disponibles para nuestros pacientes.<\/p>\n\n\n\n<h2 class=\"wp-block-heading\">Obtenga m\u00e1s informaci\u00f3n sobre el examen dental, las radiograf\u00edas y la limpieza dental<\/h2>\n\n\n\n<h4 class=\"wp-block-heading\"><a class=\"rank-math-link\" href=\"https:\/\/patriotfamilydentalep.com\/4-common-questions-about-dental-exams-x-rays-teeth-cleaning\/\">4 Common Questions About Dental Exams, X-rays, &amp; Teeth Cleaning<\/a><\/h4>\n","protected":false},"excerpt":{"rendered":"<p>Limpiezas dentales y limpiezas profundas \u00a1Llame hoy! (915) 213-7020 Cuando visite Patriot Family Dental para un chequeo dental y limpieza&hellip;<\/p>\n","protected":false},"author":1,"featured_media":500,"parent":0,"menu_order":0,"comment_status":"closed","ping_status":"closed","template":"","meta":{"_coblocks_attr":"","_coblocks_dimensions":"","_coblocks_responsive_height":"","_coblocks_accordion_ie_support":"","footnotes":""},"class_list":["post-377","page","type-page","status-publish","has-post-thumbnail","hentry"],"translation":{"provider":"WPGlobus","version":"3.0.2","language":"es","enabled_languages":["en","es"],"languages":{"en":{"title":true,"content":true,"excerpt":false},"es":{"title":true,"content":true,"excerpt":false}}},"aioseo_notices":[],"_links":{"self":[{"href":"https:\/\/patriotfamilydentalep.com\/es\/wp-json\/wp\/v2\/pages\/377","targetHints":{"allow":["GET"]}}],"collection":[{"href":"https:\/\/patriotfamilydentalep.com\/es\/wp-json\/wp\/v2\/pages"}],"about":[{"href":"https:\/\/patriotfamilydentalep.com\/es\/wp-json\/wp\/v2\/types\/page"}],"author":[{"embeddable":true,"href":"https:\/\/patriotfamilydentalep.com\/es\/wp-json\/wp\/v2\/users\/1"}],"replies":[{"embeddable":true,"href":"https:\/\/patriotfamilydentalep.com\/es\/wp-json\/wp\/v2\/comments?post=377"}],"version-history":[{"count":31,"href":"https:\/\/patriotfamilydentalep.com\/es\/wp-json\/wp\/v2\/pages\/377\/revisions"}],"predecessor-version":[{"id":1741,"href":"https:\/\/patriotfamilydentalep.com\/es\/wp-json\/wp\/v2\/pages\/377\/revisions\/1741"}],"wp:featuredmedia":[{"embeddable":true,"href":"https:\/\/patriotfamilydentalep.com\/es\/wp-json\/wp\/v2\/media\/500"}],"wp:attachment":[{"href":"https:\/\/patriotfamilydentalep.com\/es\/wp-json\/wp\/v2\/media?parent=377"}],"curies":[{"name":"wp","href":"https:\/\/api.w.org\/{rel}","templated":true}]}}