{"id":384,"date":"2019-10-17T15:12:56","date_gmt":"2019-10-17T21:12:56","guid":{"rendered":"https:\/\/patriotfamilydentalep.com\/?page_id=384"},"modified":"2025-11-03T20:55:03","modified_gmt":"2025-11-04T03:55:03","slug":"teeth-whitening-el-paso","status":"publish","type":"page","link":"https:\/\/patriotfamilydentalep.com\/es\/teeth-whitening-el-paso.html","title":{"rendered":"Blanqueamiento dental El Paso"},"content":{"rendered":"\n<h2 class=\"wp-block-heading\">\u00a1Zoom! Tratamiento de blanqueamiento dental en el consultorio en El Paso, TX<\/h2>\n\n\n\n<p class=\"has-large-font-size\">\u00a1Llame hoy! <strong><a href=\"tel:+19152137020\">(915) 213-7020<\/a><\/strong><\/p>\n\n\n\n<div class=\"wp-block-coblocks-row coblocks-row-91715952520\" data-columns=\"2\" data-layout=\"66-33\"><div class=\"wp-block-coblocks-row__inner has-no-padding has-no-margin is-stacked-on-mobile has-medium-gutter\">\n<div class=\"wp-block-coblocks-column coblocks-column-91715954848\" style=\"width:66%\"><div class=\"wp-block-coblocks-column__inner has-no-padding has-no-margin\">\n<p>\u00a1Zoom! El blanqueamiento es un proceso de blanqueamiento dental que se utiliza en todo el mundo para aclarar la decoloraci\u00f3n del esmalte de los dientes. Ya sea que sus dientes tengan decoloraci\u00f3n por el caf\u00e9, el tabaco, la caries o el envejecimiento, \u00a1Zoom! El blanqueamiento dental aclarar\u00e1 la dentina para darle una sonrisa m\u00e1s brillante. Despu\u00e9s de un examen y limpieza, usted y el dentista discutir\u00e1n sus opciones para blanquear los dientes y si Zoom es para usted.<\/p>\n<\/div><\/div>\n\n\n\n<div class=\"wp-block-coblocks-column coblocks-column-91715954851\" style=\"width:33%\"><div class=\"wp-block-coblocks-column__inner has-no-padding has-no-margin\"><div class=\"wp-block-image\">\n<figure class=\"aligncenter\"><img loading=\"lazy\" decoding=\"async\" width=\"572\" height=\"381\" src=\"https:\/\/patriotfamilydentalep.com\/wp-content\/uploads\/2019\/10\/teeth-whitening-el-paso-tx-dentist.jpeg\" alt=\"El Paso Teeth Whitening\" class=\"wp-image-385\" srcset=\"https:\/\/patriotfamilydentalep.com\/wp-content\/uploads\/2019\/10\/teeth-whitening-el-paso-tx-dentist.jpeg 572w, https:\/\/patriotfamilydentalep.com\/wp-content\/uploads\/2019\/10\/teeth-whitening-el-paso-tx-dentist-300x200.jpeg 300w\" sizes=\"auto, (max-width: 572px) 100vw, 572px\" \/><\/figure>\n<\/div><\/div><\/div>\n<\/div><\/div>\n\n\n\n<p>El tratamiento de blanqueamiento generalmente tomar\u00e1 de 45 a 60 minutos y puede iluminar sus dientes hasta 8 tonos m\u00e1s claros. El procedimiento comienza con cubrir las enc\u00edas y los labios para dejar los dientes expuestos. Luego, el dentista o higienista aplicar\u00e1 el gel blanqueador a sus dientes, que funciona al un\u00edsono con la luz Zoom para romper las manchas y la decoloraci\u00f3n en la superficie. El gel se aplicar\u00e1 3 veces en sesiones de 15 minutos. Despu\u00e9s, el dentista aplicar\u00e1 un gel post-tratamiento que est\u00e1 cl\u00ednicamente probado para reducir la sensibilidad de sus dientes, por lo que no tendr\u00e1 que preocuparse por ninguna molestia.<\/p>\n\n\n\n<h2 class=\"wp-block-heading\">\u00bfEs seguro blanquear los dientes?<\/h2>\n\n\n\n<p>Una extensa investigaci\u00f3n y estudios cl\u00ednicos han demostrado que el blanqueamiento dental es seguro, y m\u00e1s seguro a\u00fan cuando se realiza bajo la supervisi\u00f3n de profesionales dentales. De hecho, la mayor\u00eda de los dentistas le dir\u00e1n que el blanqueamiento dental es el procedimiento m\u00e1s seguro que realizan. Sin embargo, el blanqueamiento con Zoom no se recomienda para ni\u00f1os menores de 13 a\u00f1os, mujeres embarazadas y cualquier persona que actualmente est\u00e9 tomando quimioterapia o medicamentos sensibles a la luz.<\/p>\n\n\n\n<h2 class=\"wp-block-heading\">FlashWhite Blanqueamiento casero<\/h2>\n\n\n\n<div class=\"wp-block-coblocks-row coblocks-row-917151056903\" data-columns=\"2\" data-layout=\"66-33\"><div class=\"wp-block-coblocks-row__inner has-no-padding has-no-margin is-stacked-on-mobile has-medium-gutter\">\n<div class=\"wp-block-coblocks-column coblocks-column-917151059292\" style=\"width:66%\"><div class=\"wp-block-coblocks-column__inner has-no-padding has-no-margin\">\n<p>El blanqueamiento dental profesional puede ocurrir en el dentista o en casa. Puede elegir entre nuestros tratamientos en el consultorio o para llevar a casa, a partir de $ 100. El kit de blanqueamiento dental para llevar a casa FlashWhite fue creado por nuestros propios dentistas aqu\u00ed en El Paso, TX. Despu\u00e9s de probar los kits de blanqueamiento l\u00edderes en la industria, han reunido este kit para una seguridad y blanqueamiento \u00f3ptimos.<\/p>\n<\/div><\/div>\n\n\n\n<div class=\"wp-block-coblocks-column coblocks-column-917151059296\" style=\"width:33%\"><div class=\"wp-block-coblocks-column__inner has-no-padding has-no-margin\"><div class=\"wp-block-image\">\n<figure class=\"aligncenter\"><a href=\"https:\/\/patriotfamilydentalep.com\/wp-content\/uploads\/2019\/10\/flashwhite-product-package_2.png\" target=\"_blank\" rel=\"noreferrer noopener\"><img loading=\"lazy\" decoding=\"async\" width=\"555\" height=\"417\" src=\"https:\/\/patriotfamilydentalep.com\/wp-content\/uploads\/2019\/10\/flashwhite-product-package_2.png\" alt=\"take home teeth whitening in El Paso\" class=\"wp-image-386\" srcset=\"https:\/\/patriotfamilydentalep.com\/wp-content\/uploads\/2019\/10\/flashwhite-product-package_2.png 555w, https:\/\/patriotfamilydentalep.com\/wp-content\/uploads\/2019\/10\/flashwhite-product-package_2-300x225.png 300w\" sizes=\"auto, (max-width: 555px) 100vw, 555px\" \/><\/a><\/figure>\n<\/div><\/div><\/div>\n<\/div><\/div>\n\n\n\n<p>Flashwhite no es como los otros kits de blanqueamiento casero que existen. Nuestro dentista dise\u00f1\u00f3 Flashwhite para blanquear sus dientes en la comodidad de su propio hogar y est\u00e1n formulados para lograr los m\u00e1ximos resultados en solo 10 minutos. Nuestros kits de blanqueamiento dental casero utilizan tecnolog\u00eda patentada de aceleraci\u00f3n de calor y luz para obtener resultados r\u00e1pidos y f\u00e1ciles sin la sensibilidad asociada con los kits normales.<\/p>\n\n\n\n<h2 class=\"wp-block-heading\">Preg\u00fantenos sobre el blanqueamiento dental<\/h2>\n\n\n\n<p>Programe una cita hoy con nuestro personal profesional. Ll\u00e1menos al 915.213.7020, o complete el formulario en esta p\u00e1gina para enviarnos un correo electr\u00f3nico. \u00a1Nos pondremos en contacto con usted tan pronto como podamos!<\/p>\n\n\n\n\n\n<div style=\"height:46px\" aria-hidden=\"true\" class=\"wp-block-spacer\"><\/div>\n\n\n\n<h2 class=\"wp-block-heading\">Por qu\u00e9 el blanqueamiento dental en el consultorio es mejor que los kits para llevar a casa<\/h2>\n\n\n\n<p>Los dientes blancos son invaluables para una sonrisa perfecta. Pero, con el tiempo, sus dientes pueden perder su brillo debido a diferentes razones, como la edad, fumar, tomar caf\u00e9 o la enfermedad periodontal. Este color amarillento de los dientes puede incluso evitar que algunas personas sonr\u00edan.<\/p>\n\n\n<div class=\"wp-block-image\">\n<figure class=\"aligncenter\"><img decoding=\"async\" src=\"https:\/\/patriotfamilydentalep.com\/wp-content\/uploads\/2020\/01\/zoom-teeth-whitening.jpg\" alt=\"Zoom! Teeth Whitening\"\/><\/figure>\n<\/div>\n\n\n<p>Si bien los dientes amarillos no son perjudiciales para su salud en general, la decoloraci\u00f3n puede ser un golpe para su confianza en s\u00ed mismo. El blanqueamiento dental en el consultorio es la soluci\u00f3n m\u00e1s efectiva para blanquear los dientes para aquellos que est\u00e1n listos para tomar medidas para mejorar la salud oral.<\/p>\n\n\n\n<p>Aqu\u00ed en Patriot Family Dental, tenemos 2 formas diferentes de blanquear sus dientes: \u00a1Zoom! blanqueamiento dental en el consultorio y kit de blanqueamiento dental para llevar a casa Flashwhite. Si bien ambos son muy efectivos para iluminar su sonrisa, hay muchas m\u00e1s razones para que prefiera nuestro blanqueamiento profesional en el consultorio.<\/p>\n\n\n\n<h2 class=\"wp-block-heading\">Blanqueamiento dental personalizado<\/h2>\n\n\n\n<p>Cuando reciba un tratamiento de blanqueamiento dental en el consultorio, obtendr\u00e1 la mejor y m\u00e1s personalizada evaluaci\u00f3n de su salud oral. Nuestro equipo podr\u00e1 identificar las \u00e1reas problem\u00e1ticas y enfocarse en ellas en el sitio. Estar aqu\u00ed en la oficina nos permite recomendar el mejor tratamiento y opciones disponibles para usted. Los kits para llevar a casa atienden a un mercado masivo y no tendr\u00e1n un equipo de profesionales dentales que le brinden atenci\u00f3n dental calificada.<\/p>\n\n\n\n<h2 class=\"wp-block-heading\">El blanqueamiento dental en el consultorio es m\u00e1s seguro<\/h2>\n\n\n\n<p>Los kits de blanqueamiento con lej\u00eda para llevar a casa pueden ser efectivos, pero podr\u00edan tener efectos secundarios no deseados si tiene problemas dentales previos que desconoce. Si bien la mayor\u00eda de los kits para llevar a casa son seguros de usar, no se realizan con un equipo de profesionales dentales que lo cuiden.<\/p>\n\n\n\n<p>El blanqueamiento dental profesional en el consultorio es el procedimiento m\u00e1s seguro que se realiza en nuestro consultorio dental con un personal atento con a\u00f1os de experiencia. Haremos que su procedimiento sea c\u00f3modo y efectivo utilizando las precauciones de seguridad adecuadas para proteger sus dientes y enc\u00edas.<\/p>\n\n\n\n<h2 class=\"wp-block-heading\">Resultados mejores y m\u00e1s duraderos<\/h2>\n\n\n\n<p>Los kits de blanqueamiento de venta libre pueden ser impredecibles y su efectividad puede variar de persona a persona. Los resultados de algunos kits para llevar a casa pueden incluso desvanecerse dentro de un mes. Con un tratamiento profesional, los resultados son inmediatos y pueden durar mucho tiempo con una higiene bucal adecuada.<\/p>\n\n\n\n<h2 class=\"wp-block-heading\">Kit de blanqueamiento dental Flashwhite<\/h2>\n\n\n\n<p>Dicho esto, Patriot Family Dental tambi\u00e9n tiene nuestra propia versi\u00f3n del kit de blanqueamiento dental. El blanqueamiento dental Flashwhite no es como los otros kits de blanqueamiento casero que existen. Nuestro dentista dise\u00f1\u00f3 Flashwhite para blanquear sus dientes en la comodidad de su propio hogar y est\u00e1n formulados para lograr los m\u00e1ximos resultados en solo 10 minutos. Tecnolog\u00eda patentada de aceleraci\u00f3n de calor y luz para resultados r\u00e1pidos y f\u00e1ciles sin sensibilidad.<\/p>\n\n\n\n<h2 class=\"wp-block-heading\">\u00a1Programe una consulta de blanqueamiento dental!<\/h2>\n\n\n\n<p>Programe una consulta hoy llamando al (915) 213-7020, o visite nuestra p\u00e1gina Cont\u00e1ctenos. Nuestro equipo dental es amable y est\u00e1 listo para responder cualquier pregunta que tenga sobre el seguro dental, las opciones de tratamiento y los procedimientos. \u00a1Estamos ansiosos por ver tu nueva sonrisa!<\/p>\n","protected":false},"excerpt":{"rendered":"<p>\u00a1Zoom! Tratamiento de blanqueamiento dental en el consultorio en El Paso, TX \u00a1Llame hoy! (915) 213-7020 El tratamiento de blanqueamiento&hellip;<\/p>\n","protected":false},"author":1,"featured_media":502,"parent":0,"menu_order":0,"comment_status":"closed","ping_status":"closed","template":"","meta":{"_coblocks_attr":"","_coblocks_dimensions":"","_coblocks_responsive_height":"","_coblocks_accordion_ie_support":"","footnotes":""},"class_list":["post-384","page","type-page","status-publish","has-post-thumbnail","hentry"],"translation":{"provider":"WPGlobus","version":"3.0.2","language":"es","enabled_languages":["en","es"],"languages":{"en":{"title":true,"content":true,"excerpt":false},"es":{"title":true,"content":true,"excerpt":false}}},"aioseo_notices":[],"_links":{"self":[{"href":"https:\/\/patriotfamilydentalep.com\/es\/wp-json\/wp\/v2\/pages\/384","targetHints":{"allow":["GET"]}}],"collection":[{"href":"https:\/\/patriotfamilydentalep.com\/es\/wp-json\/wp\/v2\/pages"}],"about":[{"href":"https:\/\/patriotfamilydentalep.com\/es\/wp-json\/wp\/v2\/types\/page"}],"author":[{"embeddable":true,"href":"https:\/\/patriotfamilydentalep.com\/es\/wp-json\/wp\/v2\/users\/1"}],"replies":[{"embeddable":true,"href":"https:\/\/patriotfamilydentalep.com\/es\/wp-json\/wp\/v2\/comments?post=384"}],"version-history":[{"count":38,"href":"https:\/\/patriotfamilydentalep.com\/es\/wp-json\/wp\/v2\/pages\/384\/revisions"}],"predecessor-version":[{"id":1695,"href":"https:\/\/patriotfamilydentalep.com\/es\/wp-json\/wp\/v2\/pages\/384\/revisions\/1695"}],"wp:featuredmedia":[{"embeddable":true,"href":"https:\/\/patriotfamilydentalep.com\/es\/wp-json\/wp\/v2\/media\/502"}],"wp:attachment":[{"href":"https:\/\/patriotfamilydentalep.com\/es\/wp-json\/wp\/v2\/media?parent=384"}],"curies":[{"name":"wp","href":"https:\/\/api.w.org\/{rel}","templated":true}]}}