{"id":389,"date":"2019-10-17T15:24:41","date_gmt":"2019-10-17T21:24:41","guid":{"rendered":"https:\/\/patriotfamilydentalep.com\/?page_id=389"},"modified":"2025-04-18T00:42:46","modified_gmt":"2025-04-18T06:42:46","slug":"same-day-emergency-dental-care","status":"publish","type":"page","link":"https:\/\/patriotfamilydentalep.com\/es\/same-day-emergency-dental-care.html","title":{"rendered":"Atenci\u00f3n dental de emergencia el mismo d\u00eda"},"content":{"rendered":"\n<h2 class=\"wp-block-heading\">Visitas de emergencia dental el mismo d\u00eda<\/h2>\n\n\n\n<p class=\"has-large-font-size\">\u00a1Llame hoy! <strong><a href=\"tel:+19152137020\">(915) 213-7020<\/a><\/strong><\/p>\n\n\n\n<div class=\"wp-block-coblocks-row coblocks-row-917151423283\" data-columns=\"2\" data-layout=\"66-33\"><div class=\"wp-block-coblocks-row__inner has-no-padding has-no-margin is-stacked-on-mobile has-medium-gutter\">\n<div class=\"wp-block-coblocks-column coblocks-column-917151425434\" style=\"width:66%\"><div class=\"wp-block-coblocks-column__inner has-no-padding has-no-margin\">\n<p>Si experimenta dolor o necesita servicios dentales de emergencia, encontraremos la cita m\u00e1s temprana disponible aqu\u00ed en Patriot Family Dental. Estamos aqu\u00ed para brindarle un tratamiento dental r\u00e1pido si tiene una emergencia dental, ya sea que sea un paciente actual o nuevo.<\/p>\n<\/div><\/div>\n\n\n\n<div class=\"wp-block-coblocks-column coblocks-column-917151425438\" style=\"width:33%\"><div class=\"wp-block-coblocks-column__inner has-no-padding has-no-margin\"><div class=\"wp-block-image\">\n<figure class=\"aligncenter\"><img loading=\"lazy\" decoding=\"async\" width=\"305\" height=\"203\" src=\"https:\/\/patriotfamilydentalep.com\/wp-content\/uploads\/2019\/10\/dental-emergency-el-paso-dentist.jpg\" alt=\"Emergency Dental Care El Paso, TX\" class=\"wp-image-390\" srcset=\"https:\/\/patriotfamilydentalep.com\/wp-content\/uploads\/2019\/10\/dental-emergency-el-paso-dentist.jpg 305w, https:\/\/patriotfamilydentalep.com\/wp-content\/uploads\/2019\/10\/dental-emergency-el-paso-dentist-300x200.jpg 300w\" sizes=\"auto, (max-width: 305px) 100vw, 305px\" \/><\/figure>\n<\/div><\/div><\/div>\n<\/div><\/div>\n\n\n\n<p>Nuestro dentista generalmente podr\u00e1 acomodar citas de emergencia sin cita previa y ofrecer citas el mismo d\u00eda. Sin embargo, las citas al d\u00eda siguiente son ocasionalmente necesarias. Debe comunicarse con nosotros de inmediato si tiene una emergencia. Si siente que est\u00e1 teniendo una emergencia potencialmente mortal, llame al 911.<\/p>\n\n\n\n<h2 class=\"wp-block-heading\">Diente noqueado en El Paso<\/h2>\n\n\n\n<p>Las emergencias dentales no ocurren a menudo, pero cuando lo hacen, el tiempo de reacci\u00f3n es un factor cr\u00edtico en el tratamiento. Por ejemplo, si un diente ha sido golpeado, debe llegar al dentista dentro de los 30 minutos para tratar de salvar el diente. Trate de volver a colocar el diente en el alv\u00e9olo si no est\u00e1 roto, y muerda suavemente para que no se caiga. Si esto no es posible o si el diente est\u00e1 roto, poner el diente en un vaso de leche y llevarlo a nuestro dentista. Haremos todo lo posible para salvar el diente.<\/p>\n\n\n\n<figure class=\"wp-block-embed is-type-wp-embed is-provider-patriot-family-dental-northeast-dentist-el-paso-tx wp-block-embed-patriot-family-dental-northeast-dentist-el-paso-tx\"><div class=\"wp-block-embed__wrapper\">\n<blockquote class=\"wp-embedded-content\" data-secret=\"hfCFZr0ND8\"><a href=\"https:\/\/patriotfamilydentalep.com\/what-to-do-in-case-of-a-dental-emergency\/\">What to do in case of a dental emergency<\/a><\/blockquote><iframe loading=\"lazy\" class=\"wp-embedded-content\" sandbox=\"allow-scripts\" security=\"restricted\" style=\"position: absolute; clip: rect(1px, 1px, 1px, 1px);\" title=\"&#8220;What to do in case of a dental emergency&#8221; &#8212; Patriot Family Dental - Northeast Dentist El Paso, TX\" src=\"https:\/\/patriotfamilydentalep.com\/what-to-do-in-case-of-a-dental-emergency\/embed\/#?secret=NKaoJJqcML#?secret=hfCFZr0ND8\" data-secret=\"hfCFZr0ND8\" width=\"600\" height=\"338\" frameborder=\"0\" marginwidth=\"0\" marginheight=\"0\" scrolling=\"no\"><\/iframe>\n<\/div><\/figure>\n\n\n\n<h2 class=\"wp-block-heading\">\u00bfEs una emergencia dental?<\/h2>\n\n\n\n<p>Es importante entender la diferencia entre un problema dental normal que puede esperar hasta la ma\u00f1ana y una emergencia dental en toda regla que incluso puede ser potencialmente mortal. Puede hacerse estas preguntas para determinar si tiene una emergencia dental.<\/p>\n\n\n\n<ul class=\"wp-block-list\">\n<li>Do you have severe pain, swelling, or bleeding?<\/li>\n\n\n\n<li>Have you lost a tooth?<\/li>\n\n\n\n<li>Do you have loose teeth?<\/li>\n<\/ul>\n\n\n\n<p>Una emergencia dental ocurre cuando un diente ha sufrido un trauma severo o caries. La hinchaz\u00f3n severa de un absceso o sangrado tambi\u00e9n constituye una emergencia dental. Un adulto nunca debe tener dientes flojos.<\/p>\n\n\n\n<p>Hay muchas razones diferentes por las que puede estar teniendo una emergencia dental. Las emergencias dentales comunes incluyen:<\/p>\n\n\n\n<ul class=\"wp-block-list\">\n<li><a href=\"https:\/\/www.patriotfamilydentalep.com\/dental-implants-el-paso-tx.html\">Permanent tooth knocked out<\/a><\/li>\n\n\n\n<li><a href=\"https:\/\/www.patriotfamilydentalep.com\/dental-extractions.html\">Broken, loose, or cracked tooth\/teeth<\/a><\/li>\n\n\n\n<li><a href=\"https:\/\/www.patriotfamilydentalep.com\/dental-extractions.html\">Severe tooth decay or&nbsp;toothache<\/a><\/li>\n\n\n\n<li><a href=\"https:\/\/www.patriotfamilydentalep.com\/dental-extractions.html\">Impacted wisdom teeth<\/a><\/li>\n\n\n\n<li><a href=\"https:\/\/patriotfamilydentalep.com\/same-day-emergency-dental-care.html\">Broken jaw<\/a><\/li>\n\n\n\n<li>Object caught between teeth<\/li>\n<\/ul>\n\n\n\n<h2 class=\"wp-block-heading\">Ll\u00e1menos inmediatamente<\/h2>\n\n\n\n<p>\u00a1Hemos equipado nuestro consultorio dental del noreste de El Paso, TX con tecnolog\u00eda y comodidades de vanguardia! \u00a1Brindamos atenci\u00f3n dental c\u00f3moda, limpia, amigable, eficiente y efectiva! Si tiene una emergencia dental, ll\u00e1menos inmediatamente al (915) 213-7020. \u00a1Puede obtener indicaciones para llegar a nuestra oficina, aqu\u00ed!<\/p>\n\n\n\n\n\n<h2 class=\"wp-block-heading\">Por qu\u00e9 es importante tener un dentista de emergencia<\/h2>\n\n\n\n<p>Tener una emergencia dental puede ser doloroso y frustrante si no hay un dentista de emergencia disponible. Es por eso que Patriot Family Dental puede aceptar visitas de emergencia sin cita previa de lunes a s\u00e1bado para su conveniencia. Si usted o un ser querido sufre actualmente de un diente ca\u00eddo, caries dental severa o cualquier otro tipo de emergencia dental, querr\u00e1 hacer una cita con nosotros lo antes posible para evitar cualquier da\u00f1o permanente adicional a su salud oral.<\/p>\n\n\n<div class=\"wp-block-image\">\n<figure class=\"aligncenter\"><img decoding=\"async\" src=\"https:\/\/patriotfamilydentalep.com\/wp-content\/uploads\/2020\/03\/patriot-family-dental-emergency-dentist.jpeg\" alt=\"Dental Emergency in Northeast El Paso, TX\"\/><figcaption class=\"wp-element-caption\">Por qu\u00e9 es importante tener un dentista de emergencia<\/figcaption><\/figure>\n<\/div>\n\n\n<h2 class=\"wp-block-heading\">Evite m\u00e1s da\u00f1os permanentes<\/h2>\n\n\n\n<p>No ir a un dentista de emergencia r\u00e1pidamente despu\u00e9s de recibir un traumatismo en los dientes o las enc\u00edas puede provocar m\u00e1s da\u00f1o y, a veces, la p\u00e9rdida de dientes. En algunos casos, el da\u00f1o puede provenir de coronas dentales viejas o puentes que se est\u00e1n cayendo. Ser\u00e1 importante hacer una cita inmediatamente despu\u00e9s de que se haga evidente una emergencia dental.<\/p>\n\n\n\n<h2 class=\"wp-block-heading\">\u00a1Re\u00fanase con un dentista de emergencia hoy!<\/h2>\n\n\n\n<p>Ll\u00e1menos hoy al (915) 213-7020 o visite nuestra p\u00e1gina Cont\u00e1ctenos para enviarnos un mensaje. Nuestro personal est\u00e1 altamente capacitado, profesional y listo para responder cualquier pregunta que pueda tener sobre un procedimiento o tratamiento dental. Tenemos un c\u00f3modo consultorio dental que da la bienvenida a toda la familia. \u00a1Estamos ansiosos por ayudarlo con todas sus necesidades dentales!<\/p>\n\n\n\n<div class=\"wp-block-buttons is-layout-flex wp-block-buttons-is-layout-flex\">\n<div class=\"wp-block-button\"><a class=\"wp-block-button__link wp-element-button\" href=\"https:\/\/patriotfamilydentalep.com\/go\/book-appointments\/\" target=\"_blank\" rel=\"noreferrer noopener\">\u00a1Programe su pr\u00f3xima visita con una f\u00e1cil programaci\u00f3n en l\u00ednea!<\/a><\/div>\n<\/div>\n","protected":false},"excerpt":{"rendered":"<p>Visitas de emergencia dental el mismo d\u00eda \u00a1Llame hoy! (915) 213-7020 Nuestro dentista generalmente podr\u00e1 acomodar citas de emergencia sin&hellip;<\/p>\n","protected":false},"author":1,"featured_media":513,"parent":0,"menu_order":0,"comment_status":"closed","ping_status":"closed","template":"","meta":{"_coblocks_attr":"","_coblocks_dimensions":"","_coblocks_responsive_height":"","_coblocks_accordion_ie_support":"","footnotes":""},"class_list":["post-389","page","type-page","status-publish","has-post-thumbnail","hentry"],"translation":{"provider":"WPGlobus","version":"3.0.2","language":"es","enabled_languages":["en","es"],"languages":{"en":{"title":true,"content":true,"excerpt":false},"es":{"title":true,"content":true,"excerpt":false}}},"aioseo_notices":[],"_links":{"self":[{"href":"https:\/\/patriotfamilydentalep.com\/es\/wp-json\/wp\/v2\/pages\/389","targetHints":{"allow":["GET"]}}],"collection":[{"href":"https:\/\/patriotfamilydentalep.com\/es\/wp-json\/wp\/v2\/pages"}],"about":[{"href":"https:\/\/patriotfamilydentalep.com\/es\/wp-json\/wp\/v2\/types\/page"}],"author":[{"embeddable":true,"href":"https:\/\/patriotfamilydentalep.com\/es\/wp-json\/wp\/v2\/users\/1"}],"replies":[{"embeddable":true,"href":"https:\/\/patriotfamilydentalep.com\/es\/wp-json\/wp\/v2\/comments?post=389"}],"version-history":[{"count":33,"href":"https:\/\/patriotfamilydentalep.com\/es\/wp-json\/wp\/v2\/pages\/389\/revisions"}],"predecessor-version":[{"id":1621,"href":"https:\/\/patriotfamilydentalep.com\/es\/wp-json\/wp\/v2\/pages\/389\/revisions\/1621"}],"wp:featuredmedia":[{"embeddable":true,"href":"https:\/\/patriotfamilydentalep.com\/es\/wp-json\/wp\/v2\/media\/513"}],"wp:attachment":[{"href":"https:\/\/patriotfamilydentalep.com\/es\/wp-json\/wp\/v2\/media?parent=389"}],"curies":[{"name":"wp","href":"https:\/\/api.w.org\/{rel}","templated":true}]}}