{"id":392,"date":"2019-10-17T15:29:56","date_gmt":"2019-10-17T21:29:56","guid":{"rendered":"https:\/\/patriotfamilydentalep.com\/?page_id=392"},"modified":"2025-04-18T00:37:26","modified_gmt":"2025-04-18T06:37:26","slug":"dental-extractions","status":"publish","type":"page","link":"https:\/\/patriotfamilydentalep.com\/es\/dental-extractions.html","title":{"rendered":"Extracciones dentales"},"content":{"rendered":"\n<h2 class=\"wp-block-heading\">Extracciones dentales indoloras en El Paso, TX<\/h2>\n\n\n\n<p class=\"has-large-font-size\">\u00a1Llame hoy! <strong><a href=\"tel:+19152137020\">(915) 213-7020<\/a><\/strong><\/p>\n\n\n\n<div class=\"wp-block-coblocks-row coblocks-row-917152541293\" data-columns=\"2\" data-layout=\"66-33\"><div class=\"wp-block-coblocks-row__inner has-no-padding has-no-margin is-stacked-on-mobile has-medium-gutter\">\n<div class=\"wp-block-coblocks-column coblocks-column-91715254420\" style=\"width:66%\"><div class=\"wp-block-coblocks-column__inner has-no-padding has-no-margin\">\n<p>Los profesionales dentales de Patriot Family Dental entienden que el proceso de extracci\u00f3n de dientes es desalentador e intimidante. Para aliviar el estr\u00e9s asociado con el procedimiento, nuestros dentistas y personal utilizan equipos de \u00faltima generaci\u00f3n y las \u00faltimas t\u00e9cnicas de odontolog\u00eda de sedaci\u00f3n para garantizar que sienta cero ansiedad y absolutamente ning\u00fan dolor antes o despu\u00e9s de que se complete la extracci\u00f3n del diente. Siempre tratamos de que se sienta lo m\u00e1s c\u00f3modo posible durante un procedimiento de extracci\u00f3n dental.<\/p>\n<\/div><\/div>\n\n\n\n<div class=\"wp-block-coblocks-column coblocks-column-91715254424\" style=\"width:33%\"><div class=\"wp-block-coblocks-column__inner has-no-padding has-no-margin\"><div class=\"wp-block-image\">\n<figure class=\"aligncenter is-resized\"><img loading=\"lazy\" decoding=\"async\" width=\"800\" height=\"541\" src=\"https:\/\/patriotfamilydentalep.com\/wp-content\/uploads\/2019\/10\/618_extractions.jpg\" alt=\"Tooth Extraction El Paso Dentist\" class=\"wp-image-394\" style=\"width:313px;height:211px\" srcset=\"https:\/\/patriotfamilydentalep.com\/wp-content\/uploads\/2019\/10\/618_extractions.jpg 800w, https:\/\/patriotfamilydentalep.com\/wp-content\/uploads\/2019\/10\/618_extractions-300x203.jpg 300w, https:\/\/patriotfamilydentalep.com\/wp-content\/uploads\/2019\/10\/618_extractions-768x519.jpg 768w\" sizes=\"auto, (max-width: 800px) 100vw, 800px\" \/><\/figure>\n<\/div><\/div><\/div>\n<\/div><\/div>\n\n\n\n<div style=\"height:42px\" aria-hidden=\"true\" class=\"wp-block-spacer\"><\/div>\n\n\n\n<p>Nuestros dentistas pueden recomendarle que se haga una extracci\u00f3n dental por varias razones diferentes. Se requerir\u00e1 una extracci\u00f3n dental cuando el diente est\u00e9 da\u00f1ado o cariado sin posibilidad de reparaci\u00f3n. La caries dental severa, el absceso dental, un tratamiento de conducto defectuoso, fracturado o un diente que se ha soltado pueden ser una raz\u00f3n para la extracci\u00f3n.<\/p>\n\n\n\n<h2 class=\"wp-block-heading\">Extracci\u00f3n de muelas del juicio<\/h2>\n\n\n\n<p>Otra extracci\u00f3n com\u00fanmente necesaria, la extracci\u00f3n de muelas del juicio es a menudo un procedimiento de salud oral necesario. Estos dientes (tambi\u00e9n conocidos como terceros molares) pueden causar una serie de complicaciones de salud, incluyendo infecciones dolorosas y problemas de ortodoncia. Debido al estr\u00e9s asociado con la retenci\u00f3n del tercer molar, nuestro dentista ofrece extracciones suaves de muelas del juicio para ayudar a nuestros pacientes a disfrutar de una salud oral abundante y un bienestar vibrante.<\/p>\n\n\n\n<p>Patriot Family Dental generalmente descubre primero las muelas del juicio a partir de radiograf\u00edas tomadas durante sus visitas regulares. Estos cuatro dientes crecen justo detr\u00e1s de los molares en la parte superior e inferior de la boca, a la derecha y a la izquierda de la mand\u00edbula superior e inferior.<\/p>\n\n\n\n<h2 class=\"wp-block-heading\">Pregunte sobre las extracciones dentales<\/h2>\n\n\n\n<p>Si experimenta dolor en alguno de sus dientes, no dude, ll\u00e1menos hoy al (915) 213-7020, o complete el formulario en esta p\u00e1gina para programar una cita. Estaremos encantados de responder cualquier pregunta que tenga sobre nuestros procedimientos dentales. \u00a1Programe una consulta de extracci\u00f3n dental hoy en nuestra ubicaci\u00f3n del noreste de El Paso, TX!<\/p>\n\n\n\n\n\n<h2 class=\"wp-block-heading\">\u00bfMe har\u00e1 da\u00f1o mi tratamiento dental?<\/h2>\n\n\n\n<p>Aqu\u00ed en Patriot Family Dental en el noreste de El Paso, la pregunta n\u00famero uno que nos hacen es &#8220;\u00bfHar\u00e1 da\u00f1o el tratamiento dental?&#8221; Como proveedores dentales integrales, a menudo se nos exige que realicemos extracciones dentales y otros procedimientos de cirug\u00eda oral que pueden ser una perspectiva intimidante para algunos.<\/p>\n\n\n\n<figure class=\"wp-block-image\"><img decoding=\"async\" src=\"https:\/\/patriotfamilydentalep.com\/wp-content\/uploads\/2020\/03\/patriot-family-dental-emergency-dentist.jpeg\" alt=\"\"\/><\/figure>\n\n\n\n<h2 class=\"wp-block-heading\">Estamos aqu\u00ed para su comodidad<\/h2>\n\n\n\n<p>Podemos asegurarle que nuestro consultorio dental est\u00e1 dedicado a proporcionar la experiencia m\u00e1s c\u00f3moda y agradable para nuestros pacientes. Dicho esto, si hay dolor, hay un problema. Nuestro personal altamente capacitado aplicar\u00e1 anestesia local o sedantes si as\u00ed lo solicita el dentista, por lo que los pacientes nunca deben sentir nada m\u00e1s que una leve molestia.<\/p>\n\n\n\n<p>En las \u00faltimas d\u00e9cadas, muchos pacientes pueden haber tenido experiencias dolorosas debido a la extracci\u00f3n de dientes, el relleno dental o los implantes dentales, pero los tiempos han cambiado y el tratamiento y los procedimientos dentales ahora se consideran indoloros.<\/p>\n\n\n\n<h2 class=\"wp-block-heading\">Malestar despu\u00e9s del tratamiento<\/h2>\n\n\n\n<p>La hinchaz\u00f3n en el \u00e1rea donde acaba de realizarse un procedimiento dental es una buena se\u00f1al. Significa que est\u00e1s sanando. Pero puede ser inc\u00f3modo y puede durar m\u00e1s de 3 d\u00edas. Ser\u00e1 importante seguir el r\u00e9gimen de prescripci\u00f3n que el m\u00e9dico le ha dado.<\/p>\n\n\n\n<p>Si siente dolor despu\u00e9s del procedimiento, su m\u00e9dico deber\u00e1 saberlo. El dolor grave puede ser el signo de problemas de salud oral m\u00e1s grandes y el m\u00e9dico necesitar\u00e1 saberlo de inmediato para poder actuar r\u00e1pidamente.<\/p>\n\n\n\n<h2 class=\"wp-block-heading\">\u00a1Programe una cita hoy!<\/h2>\n\n\n\n<p>Nuestro dentista discutir\u00e1 cualquier tratamiento o procedimiento dental de antemano, y los mejores pasos para evitar cualquier dolor antes y despu\u00e9s del procedimiento. Utilizamos las \u00faltimas t\u00e9cnicas y estamos totalmente equipados con tecnolog\u00eda de punta para manejar cualquier tratamiento en un ambiente c\u00e1lido y reconfortante.<\/p>\n\n\n\n<p>Ll\u00e1menos hoy al (915) 213-7020, o visite nuestra p\u00e1gina Cont\u00e1ctenos para programar una cita. \u00a1Estamos ansiosos por verte sonre\u00edr!<\/p>\n\n\n\n<p><\/p>\n","protected":false},"excerpt":{"rendered":"<p>Extracciones dentales indoloras en El Paso, TX \u00a1Llame hoy! (915) 213-7020 Nuestros dentistas pueden recomendarle que se haga una extracci\u00f3n&hellip;<\/p>\n","protected":false},"author":1,"featured_media":515,"parent":0,"menu_order":0,"comment_status":"closed","ping_status":"closed","template":"","meta":{"_coblocks_attr":"","_coblocks_dimensions":"","_coblocks_responsive_height":"","_coblocks_accordion_ie_support":"","footnotes":""},"class_list":["post-392","page","type-page","status-publish","has-post-thumbnail","hentry"],"translation":{"provider":"WPGlobus","version":"3.0.2","language":"es","enabled_languages":["en","es"],"languages":{"en":{"title":true,"content":true,"excerpt":false},"es":{"title":true,"content":true,"excerpt":false}}},"aioseo_notices":[],"_links":{"self":[{"href":"https:\/\/patriotfamilydentalep.com\/es\/wp-json\/wp\/v2\/pages\/392","targetHints":{"allow":["GET"]}}],"collection":[{"href":"https:\/\/patriotfamilydentalep.com\/es\/wp-json\/wp\/v2\/pages"}],"about":[{"href":"https:\/\/patriotfamilydentalep.com\/es\/wp-json\/wp\/v2\/types\/page"}],"author":[{"embeddable":true,"href":"https:\/\/patriotfamilydentalep.com\/es\/wp-json\/wp\/v2\/users\/1"}],"replies":[{"embeddable":true,"href":"https:\/\/patriotfamilydentalep.com\/es\/wp-json\/wp\/v2\/comments?post=392"}],"version-history":[{"count":26,"href":"https:\/\/patriotfamilydentalep.com\/es\/wp-json\/wp\/v2\/pages\/392\/revisions"}],"predecessor-version":[{"id":1616,"href":"https:\/\/patriotfamilydentalep.com\/es\/wp-json\/wp\/v2\/pages\/392\/revisions\/1616"}],"wp:featuredmedia":[{"embeddable":true,"href":"https:\/\/patriotfamilydentalep.com\/es\/wp-json\/wp\/v2\/media\/515"}],"wp:attachment":[{"href":"https:\/\/patriotfamilydentalep.com\/es\/wp-json\/wp\/v2\/media?parent=392"}],"curies":[{"name":"wp","href":"https:\/\/api.w.org\/{rel}","templated":true}]}}