{"id":397,"date":"2019-10-17T15:37:09","date_gmt":"2019-10-17T21:37:09","guid":{"rendered":"https:\/\/patriotfamilydentalep.com\/?page_id=397"},"modified":"2025-04-18T00:35:35","modified_gmt":"2025-04-18T06:35:35","slug":"dental-implants-el-paso-tx","status":"publish","type":"page","link":"https:\/\/patriotfamilydentalep.com\/es\/dental-implants-el-paso-tx.html","title":{"rendered":"Implantes dentales en El Paso"},"content":{"rendered":"\n<h2 class=\"wp-block-heading\">Implantes dentales en El Paso, TX<\/h2>\n\n\n\n<p class=\"has-large-font-size\">\u00a1Llame hoy! <strong><a href=\"tel:+19152137020\">(915) 213-7020<\/a><\/strong><\/p>\n\n\n\n<p>\u00a1Los implantes dentales pueden mejorar dram\u00e1ticamente su sonrisa! Con ellos, las personas de toda el \u00e1rea de El Paso, TX est\u00e1n redescubriendo la comodidad y la confianza para comer, hablar, re\u00edr y disfrutar de la vida. Los pacientes vienen a nosotros desde El Paso, TX, Ju\u00e1rez, M\u00e9xico, y Las Cruces, NM y otras ciudades en el \u00e1rea de Texas \/ Nuevo M\u00e9xico, todos en busca de esa sonrisa perfecta a trav\u00e9s de implantes dentales asequibles.<\/p>\n\n\n\n<figure class=\"wp-block-image\"><img loading=\"lazy\" decoding=\"async\" width=\"643\" height=\"394\" src=\"https:\/\/patriotfamilydentalep.com\/wp-content\/uploads\/2019\/10\/dental-implants-el-paso-tx_orig-1.jpg\" alt=\"Dental Implants El Paso, TX\" class=\"wp-image-399\" srcset=\"https:\/\/patriotfamilydentalep.com\/wp-content\/uploads\/2019\/10\/dental-implants-el-paso-tx_orig-1.jpg 643w, https:\/\/patriotfamilydentalep.com\/wp-content\/uploads\/2019\/10\/dental-implants-el-paso-tx_orig-1-300x184.jpg 300w\" sizes=\"auto, (max-width: 643px) 100vw, 643px\" \/><figcaption class=\"wp-element-caption\">Un implante dental reemplaza la ra\u00edz del diente con un pilar de titanio que se coloca en la mand\u00edbula para sostener un diente, puente o corona de reemplazo.<\/figcaption><\/figure>\n\n\n\n<h2 class=\"wp-block-heading\">\u00bfQu\u00e9 son los implantes dentales?<\/h2>\n\n\n\n<p>Un implante dental reemplaza la ra\u00edz del diente con un pilar de titanio que se coloca en la mand\u00edbula para sostener un diente, puente o corona de reemplazo. Los implantes dentales pueden ser una opci\u00f3n para las personas que han perdido uno o m\u00e1s dientes por lesi\u00f3n, caries o enfermedad periodontal.<\/p>\n\n\n\n<h2 class=\"wp-block-heading\">Costo de los implantes<\/h2>\n\n\n\n<p>Los implantes dentales duran m\u00e1s que otras opciones de reemplazo de dientes, como dentaduras postizas o puentes, lo que los hace m\u00e1s rentables. El implante debe durar toda la vida con un mantenimiento adecuado. Los implantes dentales tambi\u00e9n est\u00e1n hechos de titanio, que es un material biocompatible que se adhiere a la mand\u00edbula, lo que hace que el hueso sea m\u00e1s fuerte. Esta fuerza tambi\u00e9n le da la robustez que sus dientes necesitan para sentirse naturales mientras mastican.<\/p>\n\n\n\n<h2 class=\"wp-block-heading\">Preg\u00fantenos sobre una consulta de implantes dentales<\/h2>\n\n\n\n<p>Si tiene m\u00e1s preguntas sobre su implante dental, no dude en llamar a nuestra oficina para preguntar a nuestro amable y profesional personal dental. \u00a1Programe una cita y llame al (915) 213-7020 para programar una consulta de implantes dentales!<\/p>\n\n\n\n\n\n<h2 class=\"wp-block-heading\">\u00bfCu\u00e1les son mis opciones de reemplazo dental?<\/h2>\n\n\n\n<p>Vivir con dientes perdidos puede ser dif\u00edcil y frustrante de tratar. Los huecos dejados por la falta de dientes afectan la forma en que come, su apariencia y tambi\u00e9n causan una recesi\u00f3n en el hueso de la mand\u00edbula. Afortunadamente, Patriot Family Dental tiene muchas opciones para reemplazar los dientes perdidos.<\/p>\n\n\n\n<p>Dependiendo de su examen, los implantes dentales suelen ser la mejor soluci\u00f3n debido a su fiabilidad. Tienen una tasa de \u00e9xito del 98% y en realidad promueven el crecimiento \u00f3seo. Reemplazan cada diente desde la ra\u00edz hasta la corona por encima de la l\u00ednea de las enc\u00edas. El m\u00e9dico generalmente recomendar\u00e1 implantes dentales para reemplazar los dientes porque reemplazan el diente permanentemente.<\/p>\n\n\n\n<p>Si los implantes dentales no van a satisfacer sus necesidades espec\u00edficas, las coronas y puentes dentales tambi\u00e9n pueden restaurar la funci\u00f3n y el aspecto de sus dientes perdidos. Las coronas pueden reemplazar los dientes da\u00f1ados o cariados reemplazando el diente por encima de la l\u00ednea de las enc\u00edas mientras se usa la ra\u00edz para restaurar los dientes. Los puentes utilizan dientes adyacentes para restaurar una corona a su aspecto y funci\u00f3n natural.<\/p>\n\n\n\n<h2 class=\"wp-block-heading\">Pregunte sobre las opciones de reemplazo de dientes<\/h2>\n\n\n\n<p>Nuestro dentista y personal estar\u00e1n disponibles para responder cualquier pregunta que tenga sobre las opciones de reemplazo de dientes para ayudarlo a tomar la decisi\u00f3n m\u00e1s informada posible. Ll\u00e1menos hoy al (915) 213-7020 para programar una cita o visite nuestra p\u00e1gina Cont\u00e1ctenos para hacernos una pregunta.<\/p>\n","protected":false},"excerpt":{"rendered":"<p>Implantes dentales en El Paso, TX \u00a1Llame hoy! (915) 213-7020 \u00a1Los implantes dentales pueden mejorar dram\u00e1ticamente su sonrisa! Con ellos,&hellip;<\/p>\n","protected":false},"author":1,"featured_media":550,"parent":0,"menu_order":0,"comment_status":"closed","ping_status":"closed","template":"","meta":{"_coblocks_attr":"","_coblocks_dimensions":"","_coblocks_responsive_height":"","_coblocks_accordion_ie_support":"","footnotes":""},"class_list":["post-397","page","type-page","status-publish","has-post-thumbnail","hentry"],"translation":{"provider":"WPGlobus","version":"3.0.2","language":"es","enabled_languages":["en","es"],"languages":{"en":{"title":true,"content":true,"excerpt":false},"es":{"title":true,"content":true,"excerpt":false}}},"aioseo_notices":[],"_links":{"self":[{"href":"https:\/\/patriotfamilydentalep.com\/es\/wp-json\/wp\/v2\/pages\/397","targetHints":{"allow":["GET"]}}],"collection":[{"href":"https:\/\/patriotfamilydentalep.com\/es\/wp-json\/wp\/v2\/pages"}],"about":[{"href":"https:\/\/patriotfamilydentalep.com\/es\/wp-json\/wp\/v2\/types\/page"}],"author":[{"embeddable":true,"href":"https:\/\/patriotfamilydentalep.com\/es\/wp-json\/wp\/v2\/users\/1"}],"replies":[{"embeddable":true,"href":"https:\/\/patriotfamilydentalep.com\/es\/wp-json\/wp\/v2\/comments?post=397"}],"version-history":[{"count":25,"href":"https:\/\/patriotfamilydentalep.com\/es\/wp-json\/wp\/v2\/pages\/397\/revisions"}],"predecessor-version":[{"id":1614,"href":"https:\/\/patriotfamilydentalep.com\/es\/wp-json\/wp\/v2\/pages\/397\/revisions\/1614"}],"wp:featuredmedia":[{"embeddable":true,"href":"https:\/\/patriotfamilydentalep.com\/es\/wp-json\/wp\/v2\/media\/550"}],"wp:attachment":[{"href":"https:\/\/patriotfamilydentalep.com\/es\/wp-json\/wp\/v2\/media?parent=397"}],"curies":[{"name":"wp","href":"https:\/\/api.w.org\/{rel}","templated":true}]}}