{"id":401,"date":"2019-10-17T16:02:54","date_gmt":"2019-10-17T22:02:54","guid":{"rendered":"https:\/\/patriotfamilydentalep.com\/?page_id=401"},"modified":"2025-04-18T00:33:53","modified_gmt":"2025-04-18T06:33:53","slug":"dentures-el-paso","status":"publish","type":"page","link":"https:\/\/patriotfamilydentalep.com\/es\/dentures-el-paso.html","title":{"rendered":"Dentaduras postizas en El Paso, TX"},"content":{"rendered":"\n<h2 class=\"wp-block-heading\">Dentaduras postizas en El Paso, TX<\/h2>\n\n\n\n<p class=\"has-large-font-size\">\u00a1Llame hoy! <strong><a href=\"tel:+19152137020\">(915) 213-7020<\/a><\/strong><\/p>\n\n\n\n<div class=\"wp-block-coblocks-row coblocks-row-917153913861\" data-columns=\"2\" data-layout=\"66-33\"><div class=\"wp-block-coblocks-row__inner has-no-padding has-no-margin is-stacked-on-mobile has-medium-gutter\">\n<div class=\"wp-block-coblocks-column coblocks-column-917153915996\" style=\"width:66%\"><div class=\"wp-block-coblocks-column__inner has-no-padding has-no-margin\">\n<p>Las dentaduras postizas son un reemplazo para m\u00faltiples dientes hechos de un material compuesto biocompatible que se ve y siente las enc\u00edas y los dientes naturales. Hay dos tipos de dentaduras postizas que Patriot Family Dental ofrece aqu\u00ed en el noreste de El Paso, TX, completas y parciales. Las dentaduras postizas completas se usan cuando alguien ha perdido un arco completo de dientes, mientras que las dentaduras parciales se usan cuando quedan algunos dientes naturales.<\/p>\n<\/div><\/div>\n\n\n\n<div class=\"wp-block-coblocks-column coblocks-column-9171539161\" style=\"width:33%\"><div class=\"wp-block-coblocks-column__inner has-no-padding has-no-margin\"><div class=\"wp-block-image\">\n<figure class=\"aligncenter\"><img loading=\"lazy\" decoding=\"async\" width=\"408\" height=\"248\" src=\"https:\/\/patriotfamilydentalep.com\/wp-content\/uploads\/2019\/10\/implant-yerlestirildikten-sonra-protez-uygulama-sureci-nedir.jpg\" alt=\"Dentures in El Paso, TX\" class=\"wp-image-402\" srcset=\"https:\/\/patriotfamilydentalep.com\/wp-content\/uploads\/2019\/10\/implant-yerlestirildikten-sonra-protez-uygulama-sureci-nedir.jpg 408w, https:\/\/patriotfamilydentalep.com\/wp-content\/uploads\/2019\/10\/implant-yerlestirildikten-sonra-protez-uygulama-sureci-nedir-300x182.jpg 300w\" sizes=\"auto, (max-width: 408px) 100vw, 408px\" \/><\/figure>\n<\/div><\/div><\/div>\n<\/div><\/div>\n\n\n\n<h2 class=\"wp-block-heading\">Dentaduras parciales<\/h2>\n\n\n\n<p>Una dentadura parcial removible est\u00e1 dise\u00f1ada espec\u00edficamente para satisfacer las necesidades de un paciente que necesita reemplazar varios dientes perdidos. Su apariencia natural y el habla se restaurar\u00e1n junto con la capacidad de comer de manera m\u00e1s eficiente. Las dentaduras parciales rellenan los espacios creados por la falta de dientes al adherirse a los dientes sanos restantes. Tambi\u00e9n evitan que otros dientes cambien de posici\u00f3n debido a los dientes que faltan.<\/p>\n\n\n\n<h2 class=\"wp-block-heading\">Dentaduras completas<\/h2>\n\n\n\n<p>Las dentaduras postizas completas reemplazan todos los dientes en un arco completo y se unen a los implantes dentales. Los candidatos para dentaduras postizas completas han perdido la mayor\u00eda o todos sus dientes. Las dentaduras postizas de implantes dentales son m\u00e1s resistentes y de sensaci\u00f3n m\u00e1s natural que otras soluciones para dentaduras postizas.<\/p>\n\n\n\n<h2 class=\"wp-block-heading\">Preg\u00fantenos sobre una consulta gratuita de dentaduras postizas<\/h2>\n\n\n\n<p>Con las dentaduras postizas dentales y parciales de Patriot Family Dental, nuestros dentistas pueden devolverle la confianza que necesita para sonre\u00edr nuevamente. Ll\u00e1menos hoy al (915) 213-7020, o programe una cita con nosotros en el formulario a la derecha.<\/p>\n\n\n\n\n\n<p><\/p>\n","protected":false},"excerpt":{"rendered":"<p>Dentaduras postizas en El Paso, TX \u00a1Llame hoy! (915) 213-7020 Dentaduras parciales Una dentadura parcial removible est\u00e1 dise\u00f1ada espec\u00edficamente para&hellip;<\/p>\n","protected":false},"author":1,"featured_media":517,"parent":0,"menu_order":0,"comment_status":"closed","ping_status":"closed","template":"","meta":{"_coblocks_attr":"","_coblocks_dimensions":"","_coblocks_responsive_height":"","_coblocks_accordion_ie_support":"","footnotes":""},"class_list":["post-401","page","type-page","status-publish","has-post-thumbnail","hentry"],"translation":{"provider":"WPGlobus","version":"3.0.2","language":"es","enabled_languages":["en","es"],"languages":{"en":{"title":true,"content":true,"excerpt":false},"es":{"title":true,"content":true,"excerpt":false}}},"aioseo_notices":[],"_links":{"self":[{"href":"https:\/\/patriotfamilydentalep.com\/es\/wp-json\/wp\/v2\/pages\/401","targetHints":{"allow":["GET"]}}],"collection":[{"href":"https:\/\/patriotfamilydentalep.com\/es\/wp-json\/wp\/v2\/pages"}],"about":[{"href":"https:\/\/patriotfamilydentalep.com\/es\/wp-json\/wp\/v2\/types\/page"}],"author":[{"embeddable":true,"href":"https:\/\/patriotfamilydentalep.com\/es\/wp-json\/wp\/v2\/users\/1"}],"replies":[{"embeddable":true,"href":"https:\/\/patriotfamilydentalep.com\/es\/wp-json\/wp\/v2\/comments?post=401"}],"version-history":[{"count":23,"href":"https:\/\/patriotfamilydentalep.com\/es\/wp-json\/wp\/v2\/pages\/401\/revisions"}],"predecessor-version":[{"id":1612,"href":"https:\/\/patriotfamilydentalep.com\/es\/wp-json\/wp\/v2\/pages\/401\/revisions\/1612"}],"wp:featuredmedia":[{"embeddable":true,"href":"https:\/\/patriotfamilydentalep.com\/es\/wp-json\/wp\/v2\/media\/517"}],"wp:attachment":[{"href":"https:\/\/patriotfamilydentalep.com\/es\/wp-json\/wp\/v2\/media?parent=401"}],"curies":[{"name":"wp","href":"https:\/\/api.w.org\/{rel}","templated":true}]}}