{"id":404,"date":"2019-10-17T16:07:54","date_gmt":"2019-10-17T22:07:54","guid":{"rendered":"https:\/\/patriotfamilydentalep.com\/?page_id=404"},"modified":"2025-12-17T22:10:54","modified_gmt":"2025-12-18T05:10:54","slug":"invisalign-el-paso","status":"publish","type":"page","link":"https:\/\/patriotfamilydentalep.com\/es\/invisalign-el-paso.html","title":{"rendered":"Proveedores de Invisalign en El Paso"},"content":{"rendered":"\n<h2 class=\"wp-block-heading\">Principales proveedores de Invisalign en El Paso<\/h2>\n\n\n\n<p class=\"has-large-font-size\">\u00a1Llame hoy! <strong><a href=\"tel:9152137020\">(915) 213-7020<\/a><\/strong><\/p>\n\n\n\n<div class=\"wp-block-coblocks-row coblocks-row-9171654845\" data-columns=\"2\" data-layout=\"66-33\"><div class=\"wp-block-coblocks-row__inner has-no-padding has-no-margin is-stacked-on-mobile has-medium-gutter\">\n<div class=\"wp-block-coblocks-column coblocks-column-917165763\" style=\"width:66%\"><div class=\"wp-block-coblocks-column__inner has-no-padding has-no-margin\">\n<p>Invisalign es un m\u00e9todo de vanguardia para enderezar dientes que no requieren brackets met\u00e1licos ni alambres. El sistema Invisalign utiliza tecnolog\u00eda inform\u00e1tica avanzada para dise\u00f1ar alineadores de pl\u00e1stico transparente personalizados que est\u00e1n hechos espec\u00edficamente para adaptarse a sus dientes. Nuestros ortodoncistas configurar\u00e1n su caso en un modelo de computadora simulado utilizando su experiencia y comprensi\u00f3n del movimiento dental predecible. Usar\u00e1s los alineadores durante aproximadamente dos semanas antes de obtener un nuevo conjunto. A medida que pasa el tiempo, sus dientes cambiar\u00e1n gradualmente a su lugar y se enderezar\u00e1n para darle la sonrisa perfecta.<\/p>\n<\/div><\/div>\n\n\n\n<div class=\"wp-block-coblocks-column coblocks-column-917165767\" style=\"width:33%\"><div class=\"wp-block-coblocks-column__inner has-no-padding has-no-margin\"><div class=\"wp-block-image\">\n<figure class=\"aligncenter\"><img loading=\"lazy\" decoding=\"async\" width=\"1000\" height=\"667\" src=\"https:\/\/patriotfamilydentalep.com\/wp-content\/uploads\/2019\/10\/invisalign-el-paso-tx.jpg\" alt=\"Invisalign in El Paso, TX\" class=\"wp-image-405\" srcset=\"https:\/\/patriotfamilydentalep.com\/wp-content\/uploads\/2019\/10\/invisalign-el-paso-tx.jpg 1000w, https:\/\/patriotfamilydentalep.com\/wp-content\/uploads\/2019\/10\/invisalign-el-paso-tx-300x200.jpg 300w, https:\/\/patriotfamilydentalep.com\/wp-content\/uploads\/2019\/10\/invisalign-el-paso-tx-768x512.jpg 768w\" sizes=\"auto, (max-width: 1000px) 100vw, 1000px\" \/><\/figure>\n<\/div><\/div><\/div>\n<\/div><\/div>\n\n\n\n<p>Invisalign le permite quitar los alineadores antes de comer y beber, por lo que no hay restricciones alimentarias ni problemas con el uso del hilo dental o el cepillado. Los alineadores Invisalign est\u00e1n hechos de un acr\u00edlico c\u00f3modo y transparente. Por lo tanto, no causar\u00e1n abrasiones en la boca que son comunes con el metal y los cables de los aparatos ortop\u00e9dicos convencionales. Tampoco se requieren visitas de ajuste. Pasar\u00e1s menos tiempo en el consultorio de Patriot Family Dental y m\u00e1s tiempo disfrutando de la vida.<\/p>\n\n\n\n<p>Invisalign son retenedores de pl\u00e1stico transparentes y duraderos que gu\u00edan suavemente sus dientes hacia su alineaci\u00f3n adecuada, mientras que los que lo rodean no notan que est\u00e1 recibiendo trabajo de ortodoncia. El uso de Invisalign proporcionar\u00e1 numerosos beneficios sobre los soportes y cables met\u00e1licos tradicionales, tales como:<\/p>\n\n\n\n<ul class=\"wp-block-list\">\n<li>You can remove the aligners when you want<\/li>\n\n\n\n<li>Allows you to eat and drink whatever you enjoy<\/li>\n\n\n\n<li>Brush and floss normally ensuring great periodontal health<\/li>\n\n\n\n<li>Fewer office visits<\/li>\n\n\n\n<li>Virtually invisible teeth-straitening<\/li>\n<\/ul>\n\n\n\n<h2 class=\"wp-block-heading\">Preg\u00fantanos sobre Invisalign<\/h2>\n\n\n\n<p>Si su seguro dental cubre procedimientos de ortodoncia, es probable que Invisalign\u00ae tambi\u00e9n est\u00e9 cubierto. Uno de los miembros de nuestro equipo estar\u00e1 encantado de ayudarle con cualquier pregunta que pueda tener sobre el seguro o el tratamiento con Invisalign\u00ae. Ll\u00e1menos hoy al (915) 213-7020, o programe una cita con el formulario en esta p\u00e1gina. \u00a1Nuestro consultorio dental del noreste de El Paso, TX est\u00e1 convenientemente ubicado y nuestro amable personal no puede esperar para verlo sonre\u00edr!<\/p>\n\n\n","protected":false},"excerpt":{"rendered":"<p>Principales proveedores de Invisalign en El Paso \u00a1Llame hoy! (915) 213-7020 Invisalign le permite quitar los alineadores antes de comer&hellip;<\/p>\n","protected":false},"author":1,"featured_media":1703,"parent":0,"menu_order":0,"comment_status":"closed","ping_status":"closed","template":"","meta":{"_coblocks_attr":"","_coblocks_dimensions":"","_coblocks_responsive_height":"","_coblocks_accordion_ie_support":"","footnotes":""},"class_list":["post-404","page","type-page","status-publish","has-post-thumbnail","hentry"],"translation":{"provider":"WPGlobus","version":"3.0.2","language":"es","enabled_languages":["en","es"],"languages":{"en":{"title":true,"content":true,"excerpt":false},"es":{"title":true,"content":true,"excerpt":false}}},"aioseo_notices":[],"_links":{"self":[{"href":"https:\/\/patriotfamilydentalep.com\/es\/wp-json\/wp\/v2\/pages\/404","targetHints":{"allow":["GET"]}}],"collection":[{"href":"https:\/\/patriotfamilydentalep.com\/es\/wp-json\/wp\/v2\/pages"}],"about":[{"href":"https:\/\/patriotfamilydentalep.com\/es\/wp-json\/wp\/v2\/types\/page"}],"author":[{"embeddable":true,"href":"https:\/\/patriotfamilydentalep.com\/es\/wp-json\/wp\/v2\/users\/1"}],"replies":[{"embeddable":true,"href":"https:\/\/patriotfamilydentalep.com\/es\/wp-json\/wp\/v2\/comments?post=404"}],"version-history":[{"count":29,"href":"https:\/\/patriotfamilydentalep.com\/es\/wp-json\/wp\/v2\/pages\/404\/revisions"}],"predecessor-version":[{"id":1707,"href":"https:\/\/patriotfamilydentalep.com\/es\/wp-json\/wp\/v2\/pages\/404\/revisions\/1707"}],"wp:featuredmedia":[{"embeddable":true,"href":"https:\/\/patriotfamilydentalep.com\/es\/wp-json\/wp\/v2\/media\/1703"}],"wp:attachment":[{"href":"https:\/\/patriotfamilydentalep.com\/es\/wp-json\/wp\/v2\/media?parent=404"}],"curies":[{"name":"wp","href":"https:\/\/api.w.org\/{rel}","templated":true}]}}