{"id":407,"date":"2019-10-17T16:15:24","date_gmt":"2019-10-17T22:15:24","guid":{"rendered":"https:\/\/patriotfamilydentalep.com\/?page_id=407"},"modified":"2025-04-18T00:32:59","modified_gmt":"2025-04-18T06:32:59","slug":"cosmetic-dentistry-in-el-paso-tx","status":"publish","type":"page","link":"https:\/\/patriotfamilydentalep.com\/es\/cosmetic-dentistry-in-el-paso-tx.html","title":{"rendered":"Odontolog\u00eda cosm\u00e9tica en El Paso, TX"},"content":{"rendered":"\n<h2 class=\"wp-block-heading\" id=\"cosmetic-dentistry-in-el-paso-tx\">Odontolog\u00eda cosm\u00e9tica en El Paso, TX<\/h2>\n\n\n\n<p class=\"has-large-font-size\">\u00a1Llame hoy! <strong><a class=\"rank-math-link\" href=\"tel:9152137020\">(915) 213-7020<\/a><\/strong><\/p>\n\n\n\n<div class=\"wp-block-coblocks-row coblocks-row-9171690269\" data-columns=\"2\" data-layout=\"66-33\"><div class=\"wp-block-coblocks-row__inner has-no-padding has-no-margin is-stacked-on-mobile has-medium-gutter\">\n<div class=\"wp-block-coblocks-column coblocks-column-9171692632\" style=\"width:66%\"><div class=\"wp-block-coblocks-column__inner has-no-padding has-no-margin\">\n<p>Tener una gran sonrisa es esencial para la autoestima y la confianza. Una gran sonrisa es tambi\u00e9n la mejor manera de causar una buena primera impresi\u00f3n. Es por eso que Patriot Family Dental ofrece varios tratamientos y procedimientos de odontolog\u00eda cosm\u00e9tica a nuestros pacientes en el \u00e1rea metropolitana de El Paso, TX.<\/p>\n<\/div><\/div>\n\n\n\n<div class=\"wp-block-coblocks-column coblocks-column-9171692637\" style=\"width:33%\"><div class=\"wp-block-coblocks-column__inner has-no-padding has-no-margin\"><div class=\"wp-block-image\">\n<figure class=\"aligncenter\"><img loading=\"lazy\" decoding=\"async\" width=\"284\" height=\"173\" src=\"https:\/\/patriotfamilydentalep.com\/wp-content\/uploads\/2019\/10\/cosmetic-dentistry-el-paso-dyer-dental_1.jpg\" alt=\"Cosmetic Dentist in El Paso, TX\" class=\"wp-image-408\"\/><\/figure>\n<\/div><\/div><\/div>\n<\/div><\/div>\n\n\n\n<p>\u00bfTiene astillas, huecos, dientes descoloridos, api\u00f1ados o rotos? Entonces la odontolog\u00eda cosm\u00e9tica va a traer una sonrisa a tu cara, literalmente.<\/p>\n\n\n\n<h2 class=\"wp-block-heading\" id=\"what-is-cosmetic-dentistry\">\u00bfQu\u00e9 es la odontolog\u00eda cosm\u00e9tica?<\/h2>\n\n\n\n<p>La odontolog\u00eda cosm\u00e9tica es el \u00e1rea de la odontolog\u00eda que se ocupa principalmente del valor est\u00e9tico de sus dientes, enc\u00edas y sonrisa en general. La odontolog\u00eda cosm\u00e9tica tambi\u00e9n se centra en la funci\u00f3n de sus dientes, as\u00ed como en su salud oral. Tecnolog\u00eda dental de vanguardia con una sensibilidad art\u00edstica se une para proporcionar a nuestros pacientes una sonrisa brillante y hermosa. Es una combinaci\u00f3n de ciencia y arte.<\/p>\n\n\n\n<p>En las \u00faltimas d\u00e9cadas, los avances en la tecnolog\u00eda dental han hecho que la odontolog\u00eda cosm\u00e9tica sea m\u00e1s efectiva y duradera que nunca. Si sufre de dientes rotos, cariados, desalineados o faltantes, entonces hay algunos procedimientos diferentes de odontolog\u00eda cosm\u00e9tica disponibles para usted aqu\u00ed en nuestro consultorio dental del noreste de El Paso.<\/p>\n\n\n\n<p>El objetivo de la odontolog\u00eda cosm\u00e9tica es restaurar sus dientes de los efectos del desgaste, la caries, el tiempo y la odontolog\u00eda anterior para darle la sonrisa que siempre ha deseado.<\/p>\n\n\n\n<h2 class=\"wp-block-heading\" id=\"what-types-of-cosmetic-procedures-do-we-offer\">\u00bfQu\u00e9 tipos de procedimientos cosm\u00e9ticos ofrecemos?<\/h2>\n\n\n\n<p>Patriot Family Dental ofrece una gama completa de tratamientos de odontolog\u00eda cosm\u00e9tica para mejorar el aspecto de sus dientes y enc\u00edas, incluyendo:<\/p>\n\n\n\n<ul class=\"wp-block-list\">\n<li><strong>Blanqueamiento dental<\/strong><br>\u00a1Usamos Zoom! Blanqueamiento dental para ayudar a nuestros pacientes a iluminar sus dientes hasta 8 tonos m\u00e1s claros. El procedimiento es uno de los tratamientos dentales m\u00e1s seguros que ofrecemos y solo toma alrededor de una hora. Tambi\u00e9n tenemos kits de blanqueamiento dental Flashwhite que le permiten blanquear sus dientes desde la comodidad de su casa.<\/li>\n\n\n\n<li><strong>Invisalign\u00ae<\/strong><br>Invisalign\u00ae es la alternativa clara a los brackets met\u00e1licos, juego de palabras. Invisalign\u00ae ofrece a nuestros pacientes un tratamiento de alineaci\u00f3n dental eficaz que es c\u00f3modo, conveniente y pr\u00e1cticamente indetectable. Estas bandejas de alineaci\u00f3n personalizadas transparentes vienen en una serie que se reemplazar\u00e1 cada 2 semanas, desde unos pocos meses hasta 2 a\u00f1os. Tambi\u00e9n son extra\u00edbles para cepillarse, usar hilo dental y comer para que no tenga que renunciar a ning\u00fan alimento como lo hace con los aparatos ortop\u00e9dicos.<\/li>\n\n\n\n<li><strong>Carillas dentales<\/strong><br>Las carillas dentales son una carcasa delgada de porcelana o material compuesto que se coloca en la parte frontal de los dientes. Solucionan problemas dentales como dientes abiertos, torcidos, astillados o descoloridos con un tratamiento r\u00e1pido y simple.<\/li>\n\n\n\n<li><strong>Coronas y puentes<\/strong><br>Las coronas y puentes dentales son reemplazos de la parte cariada o rota de los dientes. Por lo general, reemplazan el diente de la l\u00ednea de enc\u00edas, dejando su ra\u00edz dental natural. Las coronas y los puentes proporcionan dientes de reemplazo de aspecto natural y sensaci\u00f3n. Los puentes proporcionan reemplazos para los dientes al cerrar la brecha entre los dientes sanos y los dientes perdidos.<\/li>\n\n\n\n<li><strong>Implantes dentales<\/strong><br>Los implantes dentales son el tratamiento m\u00e1s eficaz y duradero para los dientes que no pueden ser salvados por nuestro dentista. Son el \u00faltimo recurso para los dientes mal cariados o rotos que deben ser extra\u00eddos. Afortunadamente, tienen una tasa de \u00e9xito del 97% y proporcionan una base estable para colocar una corona. Proporcionan un reemplazo de aspecto natural y sensaci\u00f3n para su diente.<\/li>\n<\/ul>\n\n\n\n<h2 class=\"wp-block-heading\" id=\"can-cosmetic-dentistry-help-me\">\u00bfPuede ayudarme la odontolog\u00eda cosm\u00e9tica?<\/h2>\n\n\n\n<p>Para las personas que viven con problemas dentales embarazosos, la odontolog\u00eda cosm\u00e9tica puede ser la \u00fanica luz al final del t\u00fanel. Un buen candidato para la odontolog\u00eda cosm\u00e9tica est\u00e1 en relativamente buena salud oral libre de caries dental o enfermedad de las enc\u00edas. Se centra principalmente en el aspecto de sus dientes y enc\u00edas. Una buena manera de saber si la odontolog\u00eda cosm\u00e9tica es buena para usted es hacerse las siguientes preguntas.<\/p>\n\n\n\n<ul class=\"wp-block-list\">\n<li>Are you embarrassed to smile in public?<\/li>\n\n\n\n<li>Do you want to increase your self-confidence or self-esteem?<\/li>\n\n\n\n<li>Are you a professional that needs to look your best in the workplace?<\/li>\n\n\n\n<li>Are you ready to fix any dental imperfections that you currently have?<\/li>\n<\/ul>\n\n\n\n<p>Si respondi\u00f3 &#8220;s\u00ed&#8221; a cualquiera de estas preguntas, entonces usted es un buen candidato para la odontolog\u00eda cosm\u00e9tica. Sin embargo, es posible que a\u00fan tenga algunas preguntas sobre el costo.<\/p>\n\n\n\n<h2 class=\"wp-block-heading\" id=\"can-i-afford-cosmetic-dentistry\">\u00bfPuedo pagar la odontolog\u00eda cosm\u00e9tica?<\/h2>\n\n\n\n<p>Con los recientes avances en la tecnolog\u00eda dental, la odontolog\u00eda cosm\u00e9tica no solo es m\u00e1s efectiva, duradera y accesible, sino que tambi\u00e9n es m\u00e1s asequible que nunca. Nuestros dentistas han dedicado sus vidas a la odontolog\u00eda cosm\u00e9tica a trav\u00e9s de una amplia capacitaci\u00f3n, prestigiosa educaci\u00f3n y a\u00f1os de experiencia pr\u00e1ctica. Por lo tanto, conocen los beneficios de la odontolog\u00eda cosm\u00e9tica y sienten que la odontolog\u00eda cosm\u00e9tica debe estar disponible para todos.<\/p>\n\n\n\n<p>Sin embargo, algunos seguros dentales generalmente solo cubrir\u00e1n procedimientos dentales restaurativos o preventivos. Si tiene preguntas sobre el costo de la odontolog\u00eda cosm\u00e9tica, puede preguntar a nuestro amable personal dental sobre su cobertura de seguro y tambi\u00e9n las opciones financieras disponibles para todos nuestros pacientes en el \u00e1rea de El Paso, TX.<\/p>\n\n\n\n<h2 class=\"wp-block-heading\" id=\"ask-us-anything-about-cosmetic-dentistry\">Preg\u00fantenos cualquier cosa sobre odontolog\u00eda cosm\u00e9tica<\/h2>\n\n\n\n<p>Nuestro personal est\u00e1 aqu\u00ed para responder tantas preguntas como pueda hacer. Son profesionales, pacientes y esperan su llamada. Pueden responder cualquier pregunta, desde cobertura de seguro y opciones financieras hasta procedimientos y tratamientos dentales. Ll\u00e1menos hoy al (915) 213-7020, o complete el formulario en esta p\u00e1gina para programar una cita. \u00a1Estamos ansiosos por mejorar tu sonrisa!<\/p>\n\n\n\n\n\n<h2 class=\"wp-block-heading\" id=\"common-questions-about-cosmetic-dentistry-orthodontics-in-el-paso-tx\">Preguntas comunes sobre odontolog\u00eda cosm\u00e9tica y ortodoncia en El Paso, TX<\/h2>\n\n\n\n<p>Con los recientes avances en ortodoncia y odontolog\u00eda cosm\u00e9tica, muchos adultos est\u00e1n decidiendo hacer de la ortodoncia cosm\u00e9tica una parte de su plan de tratamiento de salud oral. Sin embargo, es posible que a\u00fan tenga algunas preguntas sobre si necesita o no odontolog\u00eda cosm\u00e9tica u ortod\u00f3ncica en su vida. En este art\u00edculo, repasaremos algunas preguntas comunes que tienen nuestros pacientes cuando vienen a una consulta de odontolog\u00eda cosm\u00e9tica.<\/p>\n\n\n\n<h2 class=\"wp-block-heading\" id=\"am-i-to-old-for-braces\">\u00bfSoy demasiado viejo para los aparatos ortop\u00e9dicos?<\/h2>\n\n\n\n<p>La respuesta corta que muchos adultos con dientes torcidos han encontrado es no. En Patriot Family Dental utilizamos Invisalign como una alternativa invisible a los brackets convencionales. Si bien los aparatos ortop\u00e9dicos son inc\u00f3modos y necesitan muchas citas programadas para los ajustes, Invisalign es una bandeja transparente para sus dientes que est\u00e1 hecha a medida para alinear sus dientes sin aparatos met\u00e1licos. Tambi\u00e9n puede quitarse Invisalign para comer y cepillarse los dientes. Se har\u00e1 un conjunto de bandejas en un laboratorio despu\u00e9s de tomar un molde de sus dientes.<\/p>\n\n\n\n<h2 class=\"wp-block-heading\" id=\"does-teeth-whitening-hurt\">\u00bfDuele el blanqueamiento dental?<\/h2>\n\n\n\n<p>La mayor\u00eda de los productos blanqueadores profesionales y de venta libre cuentan con per\u00f3xido de hidr\u00f3geno como ingrediente activo. Algunas personas pueden tener dientes que son sensibles al per\u00f3xido. Sus dientes pueden comenzar a doler durante el procedimiento de blanqueamiento, y puede sentir molestias al beber o comer productos calientes o fr\u00edos durante uno o dos d\u00edas despu\u00e9s. Este efecto secundario potencial de un tratamiento de blanqueamiento dental suele ser de corta duraci\u00f3n y desaparece con el tiempo.<\/p>\n\n\n\n<p>En Patriot Family Dental, usamos Zoom! Blanqueamiento dental para ayudar a nuestros pacientes a alcanzar su sonrisa \u00f3ptima. \u00a1Zoom! utiliza tecnolog\u00eda de luz UV de \u00faltima generaci\u00f3n para ayudar a blanquear los dientes con efectos secundarios m\u00ednimos.<\/p>\n\n\n\n<h2 class=\"wp-block-heading\" id=\"is-cosmetic-and-orthodontic-dentistry-expensive\">\u00bfEs costosa la odontolog\u00eda cosm\u00e9tica y de ortodoncia?<\/h2>\n\n\n\n<p>Como paciente, debe comprender que la ortodoncia cosm\u00e9tica suele ser la forma m\u00e1s conservadora de solucionar un problema cosm\u00e9tico. Muy a menudo, la necesidad de uni\u00f3n completa o carillas puede reducirse a unos pocos dientes o ninguno. Tambi\u00e9n puede ser la \u00fanica manera de lograr resultados \u00f3ptimos de odontolog\u00eda cosm\u00e9tica. El costo del tratamiento puede superarse mediante las opciones financieras que tenemos disponibles o mediante el uso de un proveedor externo como CareCredit.<\/p>\n\n\n\n<h2 class=\"wp-block-heading\" id=\"schedule-a-cosmetic-orthodontic-consultation-today\">\u00a1Programe una consulta de ortodoncia cosm\u00e9tica hoy!<\/h2>\n\n\n\n<p>\u00a1Programe su pr\u00f3xima visita al dentista hoy! Patriot Family Dental ofrece una variedad de tratamientos de odontolog\u00eda general y cosm\u00e9tica, que incluyen blanqueamiento dental, Invisalign\u00ae, cambios de imagen de sonrisa y m\u00e1s. Nuestros m\u00e9dicos son expertos en el campo de la odontolog\u00eda y le brindar\u00e1n atenci\u00f3n personalizada que se adapta a sus necesidades individuales.<\/p>\n\n\n\n<p>\u00a1Ll\u00e1menos al (915) 213-7020 o haga clic en el enlace de abajo para programar su cita en l\u00ednea!<\/p>\n\n\n\n<div class=\"wp-block-buttons is-layout-flex wp-block-buttons-is-layout-flex\">\n<div class=\"wp-block-button\"><a class=\"wp-block-button__link wp-element-button\" href=\"https:\/\/patriotfamilydentalep.com\/go\/book-appointments\/\" target=\"_blank\" rel=\"noreferrer noopener\">F\u00e1cil programaci\u00f3n en l\u00ednea<\/a><\/div>\n<\/div>\n","protected":false},"excerpt":{"rendered":"<p>Odontolog\u00eda cosm\u00e9tica en El Paso, TX \u00a1Llame hoy! (915) 213-7020 \u00bfTiene astillas, huecos, dientes descoloridos, api\u00f1ados o rotos? Entonces la&hellip;<\/p>\n","protected":false},"author":1,"featured_media":523,"parent":0,"menu_order":0,"comment_status":"closed","ping_status":"closed","template":"","meta":{"_coblocks_attr":"","_coblocks_dimensions":"","_coblocks_responsive_height":"","_coblocks_accordion_ie_support":"","footnotes":""},"class_list":["post-407","page","type-page","status-publish","has-post-thumbnail","hentry"],"translation":{"provider":"WPGlobus","version":"3.0.2","language":"es","enabled_languages":["en","es"],"languages":{"en":{"title":true,"content":true,"excerpt":false},"es":{"title":true,"content":true,"excerpt":false}}},"aioseo_notices":[],"_links":{"self":[{"href":"https:\/\/patriotfamilydentalep.com\/es\/wp-json\/wp\/v2\/pages\/407","targetHints":{"allow":["GET"]}}],"collection":[{"href":"https:\/\/patriotfamilydentalep.com\/es\/wp-json\/wp\/v2\/pages"}],"about":[{"href":"https:\/\/patriotfamilydentalep.com\/es\/wp-json\/wp\/v2\/types\/page"}],"author":[{"embeddable":true,"href":"https:\/\/patriotfamilydentalep.com\/es\/wp-json\/wp\/v2\/users\/1"}],"replies":[{"embeddable":true,"href":"https:\/\/patriotfamilydentalep.com\/es\/wp-json\/wp\/v2\/comments?post=407"}],"version-history":[{"count":33,"href":"https:\/\/patriotfamilydentalep.com\/es\/wp-json\/wp\/v2\/pages\/407\/revisions"}],"predecessor-version":[{"id":1611,"href":"https:\/\/patriotfamilydentalep.com\/es\/wp-json\/wp\/v2\/pages\/407\/revisions\/1611"}],"wp:featuredmedia":[{"embeddable":true,"href":"https:\/\/patriotfamilydentalep.com\/es\/wp-json\/wp\/v2\/media\/523"}],"wp:attachment":[{"href":"https:\/\/patriotfamilydentalep.com\/es\/wp-json\/wp\/v2\/media?parent=407"}],"curies":[{"name":"wp","href":"https:\/\/api.w.org\/{rel}","templated":true}]}}