{"id":525,"date":"2019-10-22T10:29:33","date_gmt":"2019-10-22T16:29:33","guid":{"rendered":"https:\/\/patriotfamilydentalep.com\/?page_id=525"},"modified":"2026-04-29T15:41:09","modified_gmt":"2026-04-29T21:41:09","slug":"refer-a-friend","status":"publish","type":"page","link":"https:\/\/patriotfamilydentalep.com\/es\/refer-a-friend.html","title":{"rendered":"Recomiende a un amigo"},"content":{"rendered":"\n<h2 class=\"wp-block-heading\"><strong>\u00a1RECOMIENDE A UN AMIGO O FAMILIAR Y RECIBA UNA TARJETA DE REGALO DE $50!<\/strong><\/h2>\n\n\n\n<p>Nuestra pr\u00e1ctica contin\u00faa creciendo y prosperando debido a su buena palabra sobre nosotros a su familia, amigos, vecinos y compa\u00f1eros de trabajo. Para agradecerle por enviarnos a las personas que le importan, hemos implementado un programa de referencia.<\/p>\n\n\n\n<p>Nuestro programa de recompensas por referencia es nuestra forma de agradecer a las personas que ha presentado a nuestra pr\u00e1ctica. Recibir\u00e1 una tarjeta de regalo de $50 para el tratamiento en Patriot Family Dental por cada persona que nos haya referido. Referir a alguien a nuestra oficina ahora es a\u00fan m\u00e1s f\u00e1cil.<\/p>\n\n\n\n<p>Complete el formulario en esta p\u00e1gina y nos pondremos en contacto con su ser querido. Si vienen a la oficina para cualquier tratamiento, recibir\u00e1 el certificado de regalo por correo. Realmente apreciamos la poderosa influencia de nuestros pacientes y estamos muy agradecidos de que nos encuentren merecedores de sus recomendaciones. \u00a1Esperamos poder cuidarlo a usted y a su familia y amigos en los a\u00f1os venideros!<\/p>\n\n\n\n<p>Una &#8220;referencia&#8221; es alguien que no es un paciente existente en nuestra pr\u00e1ctica. Los pacientes referidos deben informar a nuestro personal por qui\u00e9n fueron referidos para que usted reciba la recompensa. Una tarjeta de regalo de $50 por amigo o familiar referido.<\/p>\n\n\n\n<p>Si est\u00e1 aqu\u00ed para recomendar a un amigo a nuestra pr\u00e1ctica, proporci\u00f3nenos la informaci\u00f3n completando este formulario. Una vez que haya completado el formulario, haga clic en el bot\u00f3n ENVIAR en la parte inferior de la p\u00e1gina y nuestro personal se comunicar\u00e1 con usted lo antes posible.<\/p>\n\n\n<style>.kb-form input.kadence-blocks-field.verify{opacity:0.0;position:absolute;top:0.0;left:0.0;width:0.0;height:0.0;z-index:-1;}<\/style>\n<div class=\"wp-block-kadence-form kadence-form-525_45977c-da kb-form-wrap\"><form class=\"kb-form\" action=\"\" method=\"post\"><div class=\"kadence-blocks-form-field kb-field-desk-width-100 kb-input-size-standard\"><label for=\"kb_field_525_45977c-da_0\">Name<\/label><input name=\"kb_field_0\" id=\"kb_field_525_45977c-da_0\" data-label=\"Name\" type=\"text\" placeholder=\"\" value=\"\" data-type=\"text\" class=\"kb-field kb-text-style-field kb-text-field kb-field-0\"\/><\/div><div class=\"kadence-blocks-form-field kb-form-field-1 kb-field-desk-width-100 kb-input-size-standard\"><label for=\"kb_field_525_45977c-da_1\">Email<span class=\"required\">*<\/span><\/label><input name=\"kb_field_1\" id=\"kb_field_525_45977c-da_1\" data-label=\"Email\" type=\"email\" placeholder=\"\" value=\"\" data-type=\"email\" class=\"kb-field kb-text-style-field kb-email-field kb-field-1\" data-required=\"yes\"\/><\/div><div class=\"kadence-blocks-form-field kb-form-field-2 kb-field-desk-width-100 kb-input-size-standard\"><label for=\"kb_field_525_45977c-da_2\">Phone<span class=\"required\">*<\/span><\/label><input name=\"kb_field_2\" id=\"kb_field_525_45977c-da_2\" data-label=\"Phone\" type=\"tel\" placeholder=\"\" value=\"\" data-type=\"tel\" class=\"kb-field kb-text-style-field kb-tel-field kb-field-2\" data-required=\"yes\"\/><\/div><div class=\"kadence-blocks-form-field kb-form-field-3 kb-field-desk-width-100 kb-input-size-standard\"><label for=\"kb_field_525_45977c-da_3\">Message<span class=\"required\">*<\/span><\/label><textarea name=\"kb_field_3\" id=\"kb_field_525_45977c-da_3\" data-label=\"Message\" type=\"textarea\" placeholder=\"\" data-type=\"textarea\" class=\"kb-field kb-text-style-field kb-textarea-field kb-field-3\" rows=\"4\" data-required=\"yes\"><\/textarea><\/div><div class=\"kadence-blocks-form-field kb-form-field-4 kb-field-desk-width-100 kb-input-size-standard\"><label for=\"kb_field_525_45977c-da_4\">SMS Messaging<span class=\"required\">*<\/span><\/label><div data-type=\"checkbox\" data-label=\"SMS Messaging\" id=\"kb_field_525_45977c-da_4\" class=\"kb-field kb-checkbox-style-field kb-checkbox-field kb-field-4 kb-radio-style-normal\" data-required=\"yes\"><div data-type=\"checkbox\" class=\"kb-checkbox-item kb-checkbox-item-0\"><input type=\"checkbox\" name=\"kb_field_4[]\" id=\"kb_field_4_0\" class=\"kb-sub-field kb-checkbox-style\" value=\"I consent to receive SMS text messages from East El Paso Dentist.\"\/><label for=\"kb_field_4_0\">I consent to receive SMS text messages from East El Paso Dentist.<\/label><\/div><\/div><\/div><input type=\"hidden\" name=\"_kb_form_id\" value=\"525_45977c-da\"\/><input type=\"hidden\" name=\"_kb_form_post_id\" value=\"525\"\/><input type=\"hidden\" name=\"action\" value=\"kb_process_ajax_submit\"\/><label class=\"kadence-verify-label\">Email<input class=\"kadence-blocks-field verify\" type=\"text\" name=\"_kb_verify_email\" autocomplete=\"new-password\" aria-hidden=\"true\" placeholder=\"Email\" tabindex=\"-1\" data-1p-ignore=\"true\" data-lpignore=\"true\" \/><\/label><div class=\"kadence-blocks-form-field kb-submit-field kb-field-desk-width-100\"><button class=\"kb-forms-submit button kb-button-size-standard kb-button-width-auto\">Submit<\/button><\/div><\/form><\/div>\n<noscript><div class=\"kadence-blocks-form-message kadence-blocks-form-warning\">Please enable JavaScript in your browser to submit the form<\/div><style>.kadence-form-525_45977c-da .kadence-blocks-form-field.kb-submit-field { display: none; }<\/style><\/noscript>","protected":false},"excerpt":{"rendered":"<p>\u00a1RECOMIENDE A UN AMIGO O FAMILIAR Y RECIBA UNA TARJETA DE REGALO DE $50! Nuestra pr\u00e1ctica contin\u00faa creciendo y prosperando&hellip;<\/p>\n","protected":false},"author":1,"featured_media":0,"parent":0,"menu_order":0,"comment_status":"closed","ping_status":"closed","template":"","meta":{"_coblocks_attr":"","_coblocks_dimensions":"","_coblocks_responsive_height":"","_coblocks_accordion_ie_support":"","footnotes":""},"class_list":["post-525","page","type-page","status-publish","hentry"],"translation":{"provider":"WPGlobus","version":"3.0.2","language":"es","enabled_languages":["en","es"],"languages":{"en":{"title":true,"content":true,"excerpt":false},"es":{"title":true,"content":true,"excerpt":false}}},"aioseo_notices":[],"_links":{"self":[{"href":"https:\/\/patriotfamilydentalep.com\/es\/wp-json\/wp\/v2\/pages\/525","targetHints":{"allow":["GET"]}}],"collection":[{"href":"https:\/\/patriotfamilydentalep.com\/es\/wp-json\/wp\/v2\/pages"}],"about":[{"href":"https:\/\/patriotfamilydentalep.com\/es\/wp-json\/wp\/v2\/types\/page"}],"author":[{"embeddable":true,"href":"https:\/\/patriotfamilydentalep.com\/es\/wp-json\/wp\/v2\/users\/1"}],"replies":[{"embeddable":true,"href":"https:\/\/patriotfamilydentalep.com\/es\/wp-json\/wp\/v2\/comments?post=525"}],"version-history":[{"count":15,"href":"https:\/\/patriotfamilydentalep.com\/es\/wp-json\/wp\/v2\/pages\/525\/revisions"}],"predecessor-version":[{"id":1755,"href":"https:\/\/patriotfamilydentalep.com\/es\/wp-json\/wp\/v2\/pages\/525\/revisions\/1755"}],"wp:attachment":[{"href":"https:\/\/patriotfamilydentalep.com\/es\/wp-json\/wp\/v2\/media?parent=525"}],"curies":[{"name":"wp","href":"https:\/\/api.w.org\/{rel}","templated":true}]}}